{"id":9981,"date":"2026-01-26T14:48:44","date_gmt":"2026-01-26T14:48:44","guid":{"rendered":"https:\/\/kuntnerforludovica.com\/prodotto\/philippe-model-paris-metallic-sneakers-in-bordeaux\/"},"modified":"2026-01-26T14:48:44","modified_gmt":"2026-01-26T14:48:44","slug":"philippe-model-paris-metallic-sneakers-in-bordeaux","status":"publish","type":"product","link":"https:\/\/kuntnerforludovica.com\/de\/prodotto\/philippe-model-paris-metallic-sneakers-in-bordeaux\/","title":{"rendered":"Philippe Model Paris Metallic Sneakers in Bordeaux"},"content":{"rendered":"<p>Ein Hauch metallischer Eleganz trifft auf italienischen Komfort. Diese Philippe Model Paris Sneakers in edlem Bordeaux verf\u00fcgen \u00fcber einen gepolsterten Kn\u00f6chelbereich und eine Schn\u00fcrung f\u00fcr perfekten Halt. Die Gummisohle sorgt f\u00fcr Leichtigkeit und Grip, w\u00e4hrend seitliche Eins\u00e4tze und das kontrastierende Fersendetail jedem Schritt Stil und Charakter verleihen.<\/p>\n","protected":false},"excerpt":{"rendered":"<p>Ein Hauch metallischer Eleganz trifft auf italienischen Komfort. Diese Philippe Model Paris Sneakers in edlem Bordeaux verf\u00fcgen \u00fcber einen gepolsterten Kn\u00f6chelbereich und eine Schn\u00fcrung f\u00fcr perfekten Halt. Die Gummisohle sorgt&#8230;<\/p>\n","protected":false},"featured_media":9972,"template":"","meta":{"_acf_changed":false,"inline_featured_image":false},"product_brand":[204],"product_cat":[53,60,62,189],"product_tag":[180],"class_list":{"0":"post-9981","1":"product","2":"type-product","3":"status-publish","4":"has-post-thumbnail","6":"product_brand-philippe-model","7":"product_cat-damen","8":"product_cat-sale-deu","9":"product_cat-sale-damen","10":"product_cat-schuhe-sale","11":"product_tag-philippe-model","13":"first","14":"instock","15":"sale","16":"shipping-taxable","17":"purchasable","18":"product-type-variable"},"acf":[],"_links":{"self":[{"href":"https:\/\/kuntnerforludovica.com\/de\/wp-json\/wp\/v2\/product\/9981","targetHints":{"allow":["GET"]}}],"collection":[{"href":"https:\/\/kuntnerforludovica.com\/de\/wp-json\/wp\/v2\/product"}],"about":[{"href":"https:\/\/kuntnerforludovica.com\/de\/wp-json\/wp\/v2\/types\/product"}],"wp:featuredmedia":[{"embeddable":true,"href":"https:\/\/kuntnerforludovica.com\/de\/wp-json\/wp\/v2\/media\/9972"}],"wp:attachment":[{"href":"https:\/\/kuntnerforludovica.com\/de\/wp-json\/wp\/v2\/media?parent=9981"}],"wp:term":[{"taxonomy":"product_brand","embeddable":true,"href":"https:\/\/kuntnerforludovica.com\/de\/wp-json\/wp\/v2\/product_brand?post=9981"},{"taxonomy":"product_cat","embeddable":true,"href":"https:\/\/kuntnerforludovica.com\/de\/wp-json\/wp\/v2\/product_cat?post=9981"},{"taxonomy":"product_tag","embeddable":true,"href":"https:\/\/kuntnerforludovica.com\/de\/wp-json\/wp\/v2\/product_tag?post=9981"}],"curies":[{"name":"wp","href":"https:\/\/api.w.org\/{rel}","templated":true}]}}