{"id":9285,"date":"2026-01-24T10:44:01","date_gmt":"2026-01-24T10:44:01","guid":{"rendered":"https:\/\/kuntnerforludovica.com\/prodotto\/hogan-cool-sneaker-elfenbein\/"},"modified":"2026-01-24T10:44:01","modified_gmt":"2026-01-24T10:44:01","slug":"hogan-cool-sneaker-elfenbein","status":"publish","type":"product","link":"https:\/\/kuntnerforludovica.com\/de\/prodotto\/hogan-cool-sneaker-elfenbein\/","title":{"rendered":"Hogan Cool Sneaker Elfenbein"},"content":{"rendered":"<p data-start=\"659\" data-end=\"1103\">Eine perfekte Mischung aus Retro-Elementen und modernen Linien: Die Hogan Cool Sneaker \u00fcberzeugen durch einen schlichten und eleganten Look. Mit gepolsterter Zunge besteht das Obermaterial aus weichem Nappaleder und Wildleder und wird durch ein gezacktes seitliches H erg\u00e4nzt. Die Sohle greift das schr\u00e4ge Monogramm im Profil auf, w\u00e4hrend die Memory-Foam-Innensohle f\u00fcr eine angenehm ged\u00e4mpfte Passform sorgt.<\/p>\n<p data-start=\"1105\" data-end=\"1278\"><strong data-start=\"1105\" data-end=\"1133\">Hogan Cool Damen-Sneaker<\/strong><br data-start=\"1133\" data-end=\"1136\" \/>Obermaterial aus Nappaleder und Wildleder<br data-start=\"1177\" data-end=\"1180\" \/>Gezacktes seitliches H<br data-start=\"1202\" data-end=\"1205\" \/>8 mm Memory-Foam-Innensohle<br data-start=\"1232\" data-end=\"1235\" \/>Gummi-Cupsohle (TPU)<br data-start=\"1255\" data-end=\"1258\" \/>Gesamth\u00f6he: 3,2 cm<\/p>\n<p data-start=\"1280\" data-end=\"1308\">MOD: HXW6470FB60N91B013<\/p>\n","protected":false},"excerpt":{"rendered":"<p>Eine perfekte Mischung aus Retro-Elementen und modernen Linien: Die Hogan Cool Sneaker \u00fcberzeugen durch einen schlichten und eleganten Look. Mit gepolsterter Zunge besteht das Obermaterial aus weichem Nappaleder und Wildleder&#8230;<\/p>\n","protected":false},"featured_media":9267,"template":"","meta":{"_acf_changed":false,"inline_featured_image":false},"product_brand":[],"product_cat":[53,87,57],"product_tag":[183,184],"class_list":{"0":"post-9285","1":"product","2":"type-product","3":"status-publish","4":"has-post-thumbnail","6":"product_cat-damen","7":"product_cat-schuhe-damen","8":"product_cat-sneaker-damen","9":"product_tag-hogan","10":"product_tag-weiss","12":"first","13":"instock","14":"shipping-taxable","15":"purchasable","16":"product-type-variable"},"acf":[],"_links":{"self":[{"href":"https:\/\/kuntnerforludovica.com\/de\/wp-json\/wp\/v2\/product\/9285","targetHints":{"allow":["GET"]}}],"collection":[{"href":"https:\/\/kuntnerforludovica.com\/de\/wp-json\/wp\/v2\/product"}],"about":[{"href":"https:\/\/kuntnerforludovica.com\/de\/wp-json\/wp\/v2\/types\/product"}],"wp:featuredmedia":[{"embeddable":true,"href":"https:\/\/kuntnerforludovica.com\/de\/wp-json\/wp\/v2\/media\/9267"}],"wp:attachment":[{"href":"https:\/\/kuntnerforludovica.com\/de\/wp-json\/wp\/v2\/media?parent=9285"}],"wp:term":[{"taxonomy":"product_brand","embeddable":true,"href":"https:\/\/kuntnerforludovica.com\/de\/wp-json\/wp\/v2\/product_brand?post=9285"},{"taxonomy":"product_cat","embeddable":true,"href":"https:\/\/kuntnerforludovica.com\/de\/wp-json\/wp\/v2\/product_cat?post=9285"},{"taxonomy":"product_tag","embeddable":true,"href":"https:\/\/kuntnerforludovica.com\/de\/wp-json\/wp\/v2\/product_tag?post=9285"}],"curies":[{"name":"wp","href":"https:\/\/api.w.org\/{rel}","templated":true}]}}