{"id":9231,"date":"2026-01-24T10:34:04","date_gmt":"2026-01-24T10:34:04","guid":{"rendered":"https:\/\/kuntnerforludovica.com\/prodotto\/hogan-cool-sneaker-hellblau-2\/"},"modified":"2026-01-24T10:37:00","modified_gmt":"2026-01-24T10:37:00","slug":"hogan-cool-sneaker-hellblau-2","status":"publish","type":"product","link":"https:\/\/kuntnerforludovica.com\/de\/prodotto\/hogan-cool-sneaker-hellblau-2\/","title":{"rendered":"Hogan Cool Sneaker Hellblau"},"content":{"rendered":"<p>Eine perfekte Kombination aus Retro-Elementen und modernen Linien: Die Hogan Cool Sneaker zeichnen sich durch einen schlichten und eleganten Look aus. Mit gepolsterter Zunge ist das Obermaterial aus Wildleder gefertigt und wird durch ein gezacktes seitliches H sowie Details aus Glattleder erg\u00e4nzt. Eins\u00e4tze aus Nappaleder runden das Design ab. Die Sohle greift das schr\u00e4ge Monogramm im Profil auf, w\u00e4hrend die Memory-Foam-Innensohle f\u00fcr eine angenehm ged\u00e4mpfte Passform sorgt.<\/p>\n<p>Hogan Cool Damen-Sneaker<br \/>\nObermaterial aus Wildleder<br \/>\nGezacktes seitliches H und Details aus Glattleder<br \/>\nEins\u00e4tze aus Nappaleder<br \/>\n8 mm Memory-Foam-Innensohle<br \/>\nGummi-Cupsohle (TPU)<br \/>\nGesamth\u00f6he: 3,2 cm<\/p>\n<p>MOD: HXW6470FB60UWX0RVL<\/p>\n","protected":false},"excerpt":{"rendered":"<p>Eine perfekte Kombination aus Retro-Elementen und modernen Linien: Die Hogan Cool Sneaker zeichnen sich durch einen schlichten und eleganten Look aus. Mit gepolsterter Zunge ist das Obermaterial aus Wildleder gefertigt&#8230;<\/p>\n","protected":false},"featured_media":9216,"template":"","meta":{"_acf_changed":false,"inline_featured_image":false},"product_brand":[],"product_cat":[53,87,57],"product_tag":[183],"class_list":{"0":"post-9231","1":"product","2":"type-product","3":"status-publish","4":"has-post-thumbnail","6":"product_cat-damen","7":"product_cat-schuhe-damen","8":"product_cat-sneaker-damen","9":"product_tag-hogan","11":"first","12":"instock","13":"shipping-taxable","14":"purchasable","15":"product-type-variable"},"acf":[],"_links":{"self":[{"href":"https:\/\/kuntnerforludovica.com\/de\/wp-json\/wp\/v2\/product\/9231","targetHints":{"allow":["GET"]}}],"collection":[{"href":"https:\/\/kuntnerforludovica.com\/de\/wp-json\/wp\/v2\/product"}],"about":[{"href":"https:\/\/kuntnerforludovica.com\/de\/wp-json\/wp\/v2\/types\/product"}],"wp:featuredmedia":[{"embeddable":true,"href":"https:\/\/kuntnerforludovica.com\/de\/wp-json\/wp\/v2\/media\/9216"}],"wp:attachment":[{"href":"https:\/\/kuntnerforludovica.com\/de\/wp-json\/wp\/v2\/media?parent=9231"}],"wp:term":[{"taxonomy":"product_brand","embeddable":true,"href":"https:\/\/kuntnerforludovica.com\/de\/wp-json\/wp\/v2\/product_brand?post=9231"},{"taxonomy":"product_cat","embeddable":true,"href":"https:\/\/kuntnerforludovica.com\/de\/wp-json\/wp\/v2\/product_cat?post=9231"},{"taxonomy":"product_tag","embeddable":true,"href":"https:\/\/kuntnerforludovica.com\/de\/wp-json\/wp\/v2\/product_tag?post=9231"}],"curies":[{"name":"wp","href":"https:\/\/api.w.org\/{rel}","templated":true}]}}