{"id":9025,"date":"2026-01-23T16:17:05","date_gmt":"2026-01-23T16:17:05","guid":{"rendered":"https:\/\/kuntnerforludovica.com\/prodotto\/hogan-crosswind-sneakers-beige\/"},"modified":"2026-01-23T16:17:05","modified_gmt":"2026-01-23T16:17:05","slug":"hogan-crosswind-sneakers-beige","status":"publish","type":"product","link":"https:\/\/kuntnerforludovica.com\/de\/prodotto\/hogan-crosswind-sneakers-beige\/","title":{"rendered":"Hogan Crosswind Sneakers Beige"},"content":{"rendered":"<p>Ein von Skating inspirierter Damensneaker mit markanter Chunky-Sohle, die einen eleganten und entspannten Schaft kontrastiert. Charakteristisch ist das H auf der vorderen Partie des Obermaterials. Gefertigt aus Wildleder mit Details aus Glattleder, wird das Design durch ein raffiniertes Mikro-H-Muster erg\u00e4nzt, das die Struktur der Gummisohle und der Laufsohle pr\u00e4gt. Die 8 mm Memory-Foam-Innensohle sorgt f\u00fcr zus\u00e4tzlichen Komfort und D\u00e4mpfung.<\/p>\n<p>Produktdetails<br \/>\nHogan Crosswind Sneakers f\u00fcr Damen<br \/>\nHergestellt in Italien<br \/>\nObermaterial aus Wildleder<br \/>\nSeitliches H und Details aus Glattleder<br \/>\nMemory-Foam-Innensohle (8 mm)<br \/>\nGummisohle<br \/>\nGesamth\u00f6he: 5,6 cm<\/p>\n<p>MOD: HXW7050GB00UHO378T<\/p>\n","protected":false},"excerpt":{"rendered":"<p>Ein von Skating inspirierter Damensneaker mit markanter Chunky-Sohle, die einen eleganten und entspannten Schaft kontrastiert. Charakteristisch ist das H auf der vorderen Partie des Obermaterials. Gefertigt aus Wildleder mit Details&#8230;<\/p>\n","protected":false},"featured_media":8979,"template":"","meta":{"_acf_changed":false,"inline_featured_image":false},"product_brand":[],"product_cat":[53,87,57],"product_tag":[183],"class_list":{"0":"post-9025","1":"product","2":"type-product","3":"status-publish","4":"has-post-thumbnail","6":"product_cat-damen","7":"product_cat-schuhe-damen","8":"product_cat-sneaker-damen","9":"product_tag-hogan","11":"first","12":"instock","13":"shipping-taxable","14":"purchasable","15":"product-type-variable"},"acf":[],"_links":{"self":[{"href":"https:\/\/kuntnerforludovica.com\/de\/wp-json\/wp\/v2\/product\/9025","targetHints":{"allow":["GET"]}}],"collection":[{"href":"https:\/\/kuntnerforludovica.com\/de\/wp-json\/wp\/v2\/product"}],"about":[{"href":"https:\/\/kuntnerforludovica.com\/de\/wp-json\/wp\/v2\/types\/product"}],"wp:featuredmedia":[{"embeddable":true,"href":"https:\/\/kuntnerforludovica.com\/de\/wp-json\/wp\/v2\/media\/8979"}],"wp:attachment":[{"href":"https:\/\/kuntnerforludovica.com\/de\/wp-json\/wp\/v2\/media?parent=9025"}],"wp:term":[{"taxonomy":"product_brand","embeddable":true,"href":"https:\/\/kuntnerforludovica.com\/de\/wp-json\/wp\/v2\/product_brand?post=9025"},{"taxonomy":"product_cat","embeddable":true,"href":"https:\/\/kuntnerforludovica.com\/de\/wp-json\/wp\/v2\/product_cat?post=9025"},{"taxonomy":"product_tag","embeddable":true,"href":"https:\/\/kuntnerforludovica.com\/de\/wp-json\/wp\/v2\/product_tag?post=9025"}],"curies":[{"name":"wp","href":"https:\/\/api.w.org\/{rel}","templated":true}]}}