{"id":8957,"date":"2026-01-23T16:09:58","date_gmt":"2026-01-23T16:09:58","guid":{"rendered":"https:\/\/kuntnerforludovica.com\/prodotto\/hogan-crosswind-sneakers-ivory\/"},"modified":"2026-01-23T16:09:58","modified_gmt":"2026-01-23T16:09:58","slug":"hogan-crosswind-sneakers-ivory","status":"publish","type":"product","link":"https:\/\/kuntnerforludovica.com\/de\/prodotto\/hogan-crosswind-sneakers-ivory\/","title":{"rendered":"Hogan Crosswind Sneakers Ivory"},"content":{"rendered":"<p>Ein von Skating inspirierter Damensneaker mit markanter Chunky-Sohle, die einen eleganten und entspannten Schaft kontrastiert. Charakteristisch ist das H auf der vorderen Partie des Obermaterials. Gefertigt aus Glatt- und Wildleder, wird das Design durch ein raffiniertes Mikro-H-Muster erg\u00e4nzt, das die Struktur der Gummisohle und der Laufsohle pr\u00e4gt. Die 8 mm Memory-Foam-Innensohle sorgt f\u00fcr zus\u00e4tzlichen Komfort und D\u00e4mpfung.<\/p>\n<p>Produktdetails<br \/>\nHogan Crosswind Sneakers f\u00fcr Damen<br \/>\nHergestellt in Italien<br \/>\nObermaterial aus Nappaleder und Wildleder<br \/>\nDetails aus Glatt- und gummiertem Leder<br \/>\nSeitliches H-Detail<br \/>\nMemory-Foam-Innensohle (8 mm)<br \/>\nGummisohle<br \/>\nGesamth\u00f6he: 5,6 cm<\/p>\n<p>Modell: HXW7050GB00V1N0FR7<\/p>\n","protected":false},"excerpt":{"rendered":"<p>Ein von Skating inspirierter Damensneaker mit markanter Chunky-Sohle, die einen eleganten und entspannten Schaft kontrastiert. Charakteristisch ist das H auf der vorderen Partie des Obermaterials. Gefertigt aus Glatt- und Wildleder,&#8230;<\/p>\n","protected":false},"featured_media":8939,"template":"","meta":{"_acf_changed":false,"inline_featured_image":false},"product_brand":[],"product_cat":[53,87,57],"product_tag":[183],"class_list":{"0":"post-8957","1":"product","2":"type-product","3":"status-publish","4":"has-post-thumbnail","6":"product_cat-damen","7":"product_cat-schuhe-damen","8":"product_cat-sneaker-damen","9":"product_tag-hogan","11":"first","12":"instock","13":"shipping-taxable","14":"purchasable","15":"product-type-variable"},"acf":[],"_links":{"self":[{"href":"https:\/\/kuntnerforludovica.com\/de\/wp-json\/wp\/v2\/product\/8957","targetHints":{"allow":["GET"]}}],"collection":[{"href":"https:\/\/kuntnerforludovica.com\/de\/wp-json\/wp\/v2\/product"}],"about":[{"href":"https:\/\/kuntnerforludovica.com\/de\/wp-json\/wp\/v2\/types\/product"}],"wp:featuredmedia":[{"embeddable":true,"href":"https:\/\/kuntnerforludovica.com\/de\/wp-json\/wp\/v2\/media\/8939"}],"wp:attachment":[{"href":"https:\/\/kuntnerforludovica.com\/de\/wp-json\/wp\/v2\/media?parent=8957"}],"wp:term":[{"taxonomy":"product_brand","embeddable":true,"href":"https:\/\/kuntnerforludovica.com\/de\/wp-json\/wp\/v2\/product_brand?post=8957"},{"taxonomy":"product_cat","embeddable":true,"href":"https:\/\/kuntnerforludovica.com\/de\/wp-json\/wp\/v2\/product_cat?post=8957"},{"taxonomy":"product_tag","embeddable":true,"href":"https:\/\/kuntnerforludovica.com\/de\/wp-json\/wp\/v2\/product_tag?post=8957"}],"curies":[{"name":"wp","href":"https:\/\/api.w.org\/{rel}","templated":true}]}}