{"id":8785,"date":"2026-01-23T15:28:27","date_gmt":"2026-01-23T15:28:27","guid":{"rendered":"https:\/\/kuntnerforludovica.com\/prodotto\/hogan-86er-sneakers-hellblau\/"},"modified":"2026-01-23T16:00:16","modified_gmt":"2026-01-23T16:00:16","slug":"hogan-86er-sneakers-hellblau","status":"publish","type":"product","link":"https:\/\/kuntnerforludovica.com\/de\/prodotto\/hogan-86er-sneakers-hellblau\/","title":{"rendered":"Hogan 86er Sneakers Hellblau"},"content":{"rendered":"<p>Ein Tribut an die ikonischen Sneakers, die das Gr\u00fcndungsjahr der Marke pr\u00e4gten: Die Hogan 86er sind mit dem charakteristischen aufgesetzten H versehen. Die extraleichte Sohle verf\u00fcgt \u00fcber ein Profil mit Noppen, das zugleich die Fersenverst\u00e4rkung formt. Abgerundet durch eine 5 mm Memory-Foam-Innensohle sind diese Wildleder-Sneakers ideal f\u00fcr einen entspannten, legeren Look.<\/p>\n<p>Produktdetails<br \/>\nHogan 86er Sneakers f\u00fcr Damen<br \/>\nHergestellt in Italien<br \/>\nObermaterial aus Wildleder<br \/>\nSeitlich aufgesetztes H aus Glattleder<br \/>\nMemory-Foam-Innensohle (5 mm)<br \/>\nEVA-Sohle<br \/>\nGesamth\u00f6he: 4 cm<\/p>\n<p>Modell: HXW7010FP0CUHO0RVL<\/p>\n","protected":false},"excerpt":{"rendered":"<p>Ein Tribut an die ikonischen Sneakers, die das Gr\u00fcndungsjahr der Marke pr\u00e4gten: Die Hogan 86er sind mit dem charakteristischen aufgesetzten H versehen. Die extraleichte Sohle verf\u00fcgt \u00fcber ein Profil mit&#8230;<\/p>\n","protected":false},"featured_media":8772,"template":"","meta":{"_acf_changed":false,"inline_featured_image":false},"product_brand":[],"product_cat":[53,87,57],"product_tag":[183],"class_list":{"0":"post-8785","1":"product","2":"type-product","3":"status-publish","4":"has-post-thumbnail","6":"product_cat-damen","7":"product_cat-schuhe-damen","8":"product_cat-sneaker-damen","9":"product_tag-hogan","11":"first","12":"instock","13":"shipping-taxable","14":"purchasable","15":"product-type-variable"},"acf":[],"_links":{"self":[{"href":"https:\/\/kuntnerforludovica.com\/de\/wp-json\/wp\/v2\/product\/8785","targetHints":{"allow":["GET"]}}],"collection":[{"href":"https:\/\/kuntnerforludovica.com\/de\/wp-json\/wp\/v2\/product"}],"about":[{"href":"https:\/\/kuntnerforludovica.com\/de\/wp-json\/wp\/v2\/types\/product"}],"wp:featuredmedia":[{"embeddable":true,"href":"https:\/\/kuntnerforludovica.com\/de\/wp-json\/wp\/v2\/media\/8772"}],"wp:attachment":[{"href":"https:\/\/kuntnerforludovica.com\/de\/wp-json\/wp\/v2\/media?parent=8785"}],"wp:term":[{"taxonomy":"product_brand","embeddable":true,"href":"https:\/\/kuntnerforludovica.com\/de\/wp-json\/wp\/v2\/product_brand?post=8785"},{"taxonomy":"product_cat","embeddable":true,"href":"https:\/\/kuntnerforludovica.com\/de\/wp-json\/wp\/v2\/product_cat?post=8785"},{"taxonomy":"product_tag","embeddable":true,"href":"https:\/\/kuntnerforludovica.com\/de\/wp-json\/wp\/v2\/product_tag?post=8785"}],"curies":[{"name":"wp","href":"https:\/\/api.w.org\/{rel}","templated":true}]}}