{"id":8652,"date":"2026-01-23T14:33:04","date_gmt":"2026-01-23T14:33:04","guid":{"rendered":"https:\/\/kuntnerforludovica.com\/prodotto\/hogan-kleine-shopping-bag-address-grau\/"},"modified":"2026-01-23T14:33:04","modified_gmt":"2026-01-23T14:33:04","slug":"hogan-kleine-shopping-bag-address-grau","status":"publish","type":"product","link":"https:\/\/kuntnerforludovica.com\/de\/prodotto\/hogan-kleine-shopping-bag-address-grau\/","title":{"rendered":"Hogan Kleine Shopping Bag Address Grau"},"content":{"rendered":"<p>Die charakteristische Shopping Bag mit der Adresse der Marke wird mithilfe der Hochfrequenztechnik neu interpretiert. Diese Version aus Veloursleder mit erhabenem Logo verf\u00fcgt \u00fcber zwei feste Henkel, ein ger\u00e4umiges Hauptfach mit Magnetknopfverschluss sowie ein herausnehmbares Innenetui. Abgerundet wird das Modell durch einen Schl\u00fcsselanh\u00e4nger und den H-Fob-Charm aus Metall.<\/p>\n<p>Damen-Shopping Bag<br \/>\nArtikel aus Leder<br \/>\nGepr\u00e4gtes Logo mit der Adresse Via Monte Napoleone<br \/>\nMa\u00dfe: 39 x 27,5 x 14 cm<br \/>\nFeste Henkel<br \/>\nVerschluss mit Magnetknopf<br \/>\nHerausnehmbare Rei\u00dfverschlusstasche<br \/>\nMetallf\u00fc\u00dfchen<\/p>\n<p>Modell: HXW01TA0200UGM7D95<\/p>\n","protected":false},"excerpt":{"rendered":"<p>Die charakteristische Shopping Bag mit der Adresse der Marke wird mithilfe der Hochfrequenztechnik neu interpretiert. Diese Version aus Veloursleder mit erhabenem Logo verf\u00fcgt \u00fcber zwei feste Henkel, ein ger\u00e4umiges Hauptfach&#8230;<\/p>\n","protected":false},"featured_media":8623,"template":"","meta":{"_acf_changed":false,"inline_featured_image":false},"product_brand":[202],"product_cat":[53,99,96],"product_tag":[183],"class_list":{"0":"post-8652","1":"product","2":"type-product","3":"status-publish","4":"has-post-thumbnail","6":"product_brand-hogan","7":"product_cat-damen","8":"product_cat-schultertaschen","9":"product_cat-taschen-damen","10":"product_tag-hogan","12":"first","13":"instock","14":"shipping-taxable","15":"purchasable","16":"product-type-simple"},"acf":[],"_links":{"self":[{"href":"https:\/\/kuntnerforludovica.com\/de\/wp-json\/wp\/v2\/product\/8652","targetHints":{"allow":["GET"]}}],"collection":[{"href":"https:\/\/kuntnerforludovica.com\/de\/wp-json\/wp\/v2\/product"}],"about":[{"href":"https:\/\/kuntnerforludovica.com\/de\/wp-json\/wp\/v2\/types\/product"}],"wp:featuredmedia":[{"embeddable":true,"href":"https:\/\/kuntnerforludovica.com\/de\/wp-json\/wp\/v2\/media\/8623"}],"wp:attachment":[{"href":"https:\/\/kuntnerforludovica.com\/de\/wp-json\/wp\/v2\/media?parent=8652"}],"wp:term":[{"taxonomy":"product_brand","embeddable":true,"href":"https:\/\/kuntnerforludovica.com\/de\/wp-json\/wp\/v2\/product_brand?post=8652"},{"taxonomy":"product_cat","embeddable":true,"href":"https:\/\/kuntnerforludovica.com\/de\/wp-json\/wp\/v2\/product_cat?post=8652"},{"taxonomy":"product_tag","embeddable":true,"href":"https:\/\/kuntnerforludovica.com\/de\/wp-json\/wp\/v2\/product_tag?post=8652"}],"curies":[{"name":"wp","href":"https:\/\/api.w.org\/{rel}","templated":true}]}}