{"id":8492,"date":"2026-01-23T14:04:36","date_gmt":"2026-01-23T14:04:36","guid":{"rendered":"https:\/\/kuntnerforludovica.com\/prodotto\/hogan-shopper-address-medium-braun\/"},"modified":"2026-01-23T14:04:36","modified_gmt":"2026-01-23T14:04:36","slug":"hogan-shopper-address-medium-braun","status":"publish","type":"product","link":"https:\/\/kuntnerforludovica.com\/de\/prodotto\/hogan-shopper-address-medium-braun\/","title":{"rendered":"Hogan Shopper Address Medium Braun"},"content":{"rendered":"<p>Die charakteristische Shopping Bag mit der Adresse der Marke wird mithilfe der Hochfrequenztechnik neu interpretiert. Diese Version aus glattem Leder mit erhabenem Logo verf\u00fcgt \u00fcber zwei feste Henkel, ein ger\u00e4umiges Hauptfach mit Lederzugb\u00e4ndern sowie ein herausnehmbares Innenetui. Abgerundet wird das Modell durch einen Schl\u00fcsselanh\u00e4nger und den H-Fob-Charm aus Metall.<\/p>\n<p>Damen-Shopping Bag<br \/>\nArtikel aus Leder<br \/>\nGepr\u00e4gtes Logo mit der Adresse Via Monte Napoleone<br \/>\nMa\u00dfe: 45 x 30 x 15,5 cm<br \/>\nFeste Henkel<br \/>\nHerausnehmbare Rei\u00dfverschlusstasche<br \/>\nMetallf\u00fc\u00dfchen<\/p>\n<p>Modell: KBW01TA3300TZPS003<\/p>\n","protected":false},"excerpt":{"rendered":"<p>Die charakteristische Shopping Bag mit der Adresse der Marke wird mithilfe der Hochfrequenztechnik neu interpretiert. Diese Version aus glattem Leder mit erhabenem Logo verf\u00fcgt \u00fcber zwei feste Henkel, ein ger\u00e4umiges&#8230;<\/p>\n","protected":false},"featured_media":8458,"template":"","meta":{"_acf_changed":false,"inline_featured_image":false},"product_brand":[202],"product_cat":[53,99,96],"product_tag":[183],"class_list":{"0":"post-8492","1":"product","2":"type-product","3":"status-publish","4":"has-post-thumbnail","6":"product_brand-hogan","7":"product_cat-damen","8":"product_cat-schultertaschen","9":"product_cat-taschen-damen","10":"product_tag-hogan","12":"first","13":"instock","14":"shipping-taxable","15":"purchasable","16":"product-type-simple"},"acf":[],"_links":{"self":[{"href":"https:\/\/kuntnerforludovica.com\/de\/wp-json\/wp\/v2\/product\/8492","targetHints":{"allow":["GET"]}}],"collection":[{"href":"https:\/\/kuntnerforludovica.com\/de\/wp-json\/wp\/v2\/product"}],"about":[{"href":"https:\/\/kuntnerforludovica.com\/de\/wp-json\/wp\/v2\/types\/product"}],"wp:featuredmedia":[{"embeddable":true,"href":"https:\/\/kuntnerforludovica.com\/de\/wp-json\/wp\/v2\/media\/8458"}],"wp:attachment":[{"href":"https:\/\/kuntnerforludovica.com\/de\/wp-json\/wp\/v2\/media?parent=8492"}],"wp:term":[{"taxonomy":"product_brand","embeddable":true,"href":"https:\/\/kuntnerforludovica.com\/de\/wp-json\/wp\/v2\/product_brand?post=8492"},{"taxonomy":"product_cat","embeddable":true,"href":"https:\/\/kuntnerforludovica.com\/de\/wp-json\/wp\/v2\/product_cat?post=8492"},{"taxonomy":"product_tag","embeddable":true,"href":"https:\/\/kuntnerforludovica.com\/de\/wp-json\/wp\/v2\/product_tag?post=8492"}],"curies":[{"name":"wp","href":"https:\/\/api.w.org\/{rel}","templated":true}]}}