{"id":8346,"date":"2026-01-23T13:20:20","date_gmt":"2026-01-23T13:20:20","guid":{"rendered":"https:\/\/kuntnerforludovica.com\/prodotto\/hogan-shopper-script-small-elfenbein\/"},"modified":"2026-01-23T13:20:20","modified_gmt":"2026-01-23T13:20:20","slug":"hogan-shopper-script-small-elfenbein","status":"publish","type":"product","link":"https:\/\/kuntnerforludovica.com\/de\/prodotto\/hogan-shopper-script-small-elfenbein\/","title":{"rendered":"Hogan Shopper Script Small Elfenbein"},"content":{"rendered":"<p>Kleiner Script-Shopper mit Streifen auf der Vorderseite, die ein gro\u00dfes H bilden. Diese Tasche aus genarbtem Leder mit zwei festen Tragehenkeln und einem verstellbaren und abnehmbaren Schulterriemen ist mit dem H-Fob-Charm aus Metall und einem Schl\u00fcsselanh\u00e4nger versehen. Das mit einem Magnetknopf verschlie\u00dfbare Innere verf\u00fcgt \u00fcber ein gro\u00dfes herausnehmbares mittiges Etu mit Rei\u00dfverschluss.<\/p>\n<p>Shopper f\u00fcr Damen<br \/>\nMaterial: Leder<br \/>\nEingepr\u00e4gtes Hogan-Logo<br \/>\nMa\u00dfe 35 x 23 x 11 cm<br \/>\nFeste Tragehenkel<br \/>\nVerstellbarer und abnehmbarer Schulterriemen<br \/>\nMagnetverschluss<br \/>\nHerausnehmbares Rei\u00dfverschluss-Innenetui<\/p>\n<p>MOD. KBW01WA0200UZU7E20<\/p>\n","protected":false},"excerpt":{"rendered":"<p>Kleiner Script-Shopper mit Streifen auf der Vorderseite, die ein gro\u00dfes H bilden. Diese Tasche aus genarbtem Leder mit zwei festen Tragehenkeln und einem verstellbaren und abnehmbaren Schulterriemen ist mit dem&#8230;<\/p>\n","protected":false},"featured_media":8069,"template":"","meta":{"_acf_changed":false,"inline_featured_image":false},"product_brand":[202],"product_cat":[53,105,99,96,102],"product_tag":[183],"class_list":{"0":"post-8346","1":"product","2":"type-product","3":"status-publish","4":"has-post-thumbnail","6":"product_brand-hogan","7":"product_cat-damen","8":"product_cat-handtaschen","9":"product_cat-schultertaschen","10":"product_cat-taschen-damen","11":"product_cat-umhaengetaschen","12":"product_tag-hogan","14":"first","15":"instock","16":"shipping-taxable","17":"purchasable","18":"product-type-simple"},"acf":[],"_links":{"self":[{"href":"https:\/\/kuntnerforludovica.com\/de\/wp-json\/wp\/v2\/product\/8346","targetHints":{"allow":["GET"]}}],"collection":[{"href":"https:\/\/kuntnerforludovica.com\/de\/wp-json\/wp\/v2\/product"}],"about":[{"href":"https:\/\/kuntnerforludovica.com\/de\/wp-json\/wp\/v2\/types\/product"}],"wp:featuredmedia":[{"embeddable":true,"href":"https:\/\/kuntnerforludovica.com\/de\/wp-json\/wp\/v2\/media\/8069"}],"wp:attachment":[{"href":"https:\/\/kuntnerforludovica.com\/de\/wp-json\/wp\/v2\/media?parent=8346"}],"wp:term":[{"taxonomy":"product_brand","embeddable":true,"href":"https:\/\/kuntnerforludovica.com\/de\/wp-json\/wp\/v2\/product_brand?post=8346"},{"taxonomy":"product_cat","embeddable":true,"href":"https:\/\/kuntnerforludovica.com\/de\/wp-json\/wp\/v2\/product_cat?post=8346"},{"taxonomy":"product_tag","embeddable":true,"href":"https:\/\/kuntnerforludovica.com\/de\/wp-json\/wp\/v2\/product_tag?post=8346"}],"curies":[{"name":"wp","href":"https:\/\/api.w.org\/{rel}","templated":true}]}}