{"id":8264,"date":"2026-01-23T12:40:29","date_gmt":"2026-01-23T12:40:29","guid":{"rendered":"https:\/\/kuntnerforludovica.com\/prodotto\/hogan-shopper-script-medium-braun\/"},"modified":"2026-01-23T12:40:29","modified_gmt":"2026-01-23T12:40:29","slug":"hogan-shopper-script-medium-braun","status":"publish","type":"product","link":"https:\/\/kuntnerforludovica.com\/de\/prodotto\/hogan-shopper-script-medium-braun\/","title":{"rendered":"Hogan Shopper Script Medium Braun"},"content":{"rendered":"<p>Mittelgro\u00dfer Script-Shopper mit Streifen auf der Vorderseite, die ein gro\u00dfes H bilden. Diese Tasche aus genarbtem Leder mit zwei festen Tragehenkeln ist mit dem H-Fob-Charm aus Metall und einem Schl\u00fcsselanh\u00e4nger versehen. Das mit einem Magnetknopf verschlie\u00dfbare Innere verf\u00fcgt \u00fcber ein gro\u00dfes herausnehmbares mittiges Etu mit Rei\u00dfverschluss.<br \/>\nShopper f\u00fcr Damen<br \/>\nMaterial: Leder<br \/>\nEingepr\u00e4gtes Hogan-Logo<br \/>\nMa\u00dfe 46 x 27 x 15,5 cm<br \/>\nFeste Tragehenkel<br \/>\nMagnetverschluss<br \/>\nHerausnehmbares Rei\u00dfverschluss-Innenetui<\/p>\n<p>MOD. KBW01WA0300UZU7E23<\/p>\n","protected":false},"excerpt":{"rendered":"<p>Mittelgro\u00dfer Script-Shopper mit Streifen auf der Vorderseite, die ein gro\u00dfes H bilden. Diese Tasche aus genarbtem Leder mit zwei festen Tragehenkeln ist mit dem H-Fob-Charm aus Metall und einem Schl\u00fcsselanh\u00e4nger&#8230;<\/p>\n","protected":false},"featured_media":8241,"template":"","meta":{"_acf_changed":false,"inline_featured_image":false},"product_brand":[202],"product_cat":[53,99,96],"product_tag":[183],"class_list":{"0":"post-8264","1":"product","2":"type-product","3":"status-publish","4":"has-post-thumbnail","6":"product_brand-hogan","7":"product_cat-damen","8":"product_cat-schultertaschen","9":"product_cat-taschen-damen","10":"product_tag-hogan","12":"first","13":"instock","14":"shipping-taxable","15":"purchasable","16":"product-type-simple"},"acf":[],"_links":{"self":[{"href":"https:\/\/kuntnerforludovica.com\/de\/wp-json\/wp\/v2\/product\/8264","targetHints":{"allow":["GET"]}}],"collection":[{"href":"https:\/\/kuntnerforludovica.com\/de\/wp-json\/wp\/v2\/product"}],"about":[{"href":"https:\/\/kuntnerforludovica.com\/de\/wp-json\/wp\/v2\/types\/product"}],"wp:featuredmedia":[{"embeddable":true,"href":"https:\/\/kuntnerforludovica.com\/de\/wp-json\/wp\/v2\/media\/8241"}],"wp:attachment":[{"href":"https:\/\/kuntnerforludovica.com\/de\/wp-json\/wp\/v2\/media?parent=8264"}],"wp:term":[{"taxonomy":"product_brand","embeddable":true,"href":"https:\/\/kuntnerforludovica.com\/de\/wp-json\/wp\/v2\/product_brand?post=8264"},{"taxonomy":"product_cat","embeddable":true,"href":"https:\/\/kuntnerforludovica.com\/de\/wp-json\/wp\/v2\/product_cat?post=8264"},{"taxonomy":"product_tag","embeddable":true,"href":"https:\/\/kuntnerforludovica.com\/de\/wp-json\/wp\/v2\/product_tag?post=8264"}],"curies":[{"name":"wp","href":"https:\/\/api.w.org\/{rel}","templated":true}]}}