{"id":8145,"date":"2026-01-23T11:19:52","date_gmt":"2026-01-23T11:19:52","guid":{"rendered":"https:\/\/kuntnerforludovica.com\/prodotto\/hogan-cool-sneakers-weiss-blau-rot\/"},"modified":"2026-01-23T11:19:52","modified_gmt":"2026-01-23T11:19:52","slug":"hogan-cool-sneakers-weiss-blau-rot","status":"publish","type":"product","link":"https:\/\/kuntnerforludovica.com\/de\/prodotto\/hogan-cool-sneakers-weiss-blau-rot\/","title":{"rendered":"Hogan Cool Sneakers Wei\u00df Blau Rot"},"content":{"rendered":"<p>Die Hogan Cool Sneakers vereinen perfekt Retro-Elemente mit modernen Linien und \u00fcberzeugen durch einen schlichten und eleganten Look. Die gepolsterte Zunge und das Obermaterial aus Leder werden durch das gezackte seitliche H aus Nappaleder erg\u00e4nzt. Als Neuinterpretation des ikonischen Modells H327 erinnert die amberfarbene Sohle mit ihrem Profil an das schr\u00e4ge Monogramm. Die Memory-Foam-Innensohle sorgt f\u00fcr optimalen Komfort und eine angenehme D\u00e4mpfung.<\/p>\n<p>Produktdetails<br \/>\nHogan Cool Sneakers f\u00fcr Herren<br \/>\nObermaterial aus Leder<br \/>\nEins\u00e4tze aus Wildleder<br \/>\nSeitliches H aus Nappaleder<br \/>\nDetails aus Glattleder<br \/>\nMemory-Foam-Innensohle (16 mm)<br \/>\nCupsohle aus Gummi (TPU)<br \/>\nGesamth\u00f6he: 2,8 cm<\/p>\n<p>MOD: HXM6470FB60UWS826O<\/p>\n","protected":false},"excerpt":{"rendered":"<p>Die Hogan Cool Sneakers vereinen perfekt Retro-Elemente mit modernen Linien und \u00fcberzeugen durch einen schlichten und eleganten Look. Die gepolsterte Zunge und das Obermaterial aus Leder werden durch das gezackte&#8230;<\/p>\n","protected":false},"featured_media":8130,"template":"","meta":{"_acf_changed":false,"inline_featured_image":false},"product_brand":[],"product_cat":[66,129,70],"product_tag":[183],"class_list":{"0":"post-8145","1":"product","2":"type-product","3":"status-publish","4":"has-post-thumbnail","6":"product_cat-herren","7":"product_cat-schuhe-herren","8":"product_cat-sneaker-herren","9":"product_tag-hogan","11":"first","12":"instock","13":"shipping-taxable","14":"purchasable","15":"product-type-variable"},"acf":[],"_links":{"self":[{"href":"https:\/\/kuntnerforludovica.com\/de\/wp-json\/wp\/v2\/product\/8145","targetHints":{"allow":["GET"]}}],"collection":[{"href":"https:\/\/kuntnerforludovica.com\/de\/wp-json\/wp\/v2\/product"}],"about":[{"href":"https:\/\/kuntnerforludovica.com\/de\/wp-json\/wp\/v2\/types\/product"}],"wp:featuredmedia":[{"embeddable":true,"href":"https:\/\/kuntnerforludovica.com\/de\/wp-json\/wp\/v2\/media\/8130"}],"wp:attachment":[{"href":"https:\/\/kuntnerforludovica.com\/de\/wp-json\/wp\/v2\/media?parent=8145"}],"wp:term":[{"taxonomy":"product_brand","embeddable":true,"href":"https:\/\/kuntnerforludovica.com\/de\/wp-json\/wp\/v2\/product_brand?post=8145"},{"taxonomy":"product_cat","embeddable":true,"href":"https:\/\/kuntnerforludovica.com\/de\/wp-json\/wp\/v2\/product_cat?post=8145"},{"taxonomy":"product_tag","embeddable":true,"href":"https:\/\/kuntnerforludovica.com\/de\/wp-json\/wp\/v2\/product_tag?post=8145"}],"curies":[{"name":"wp","href":"https:\/\/api.w.org\/{rel}","templated":true}]}}