{"id":8091,"date":"2026-01-23T11:09:27","date_gmt":"2026-01-23T11:09:27","guid":{"rendered":"https:\/\/kuntnerforludovica.com\/prodotto\/hogan-h-stripes-sneaker-in-weiss-schwarz\/"},"modified":"2026-01-23T11:09:27","modified_gmt":"2026-01-23T11:09:27","slug":"hogan-h-stripes-sneaker-in-weiss-schwarz","status":"publish","type":"product","link":"https:\/\/kuntnerforludovica.com\/de\/prodotto\/hogan-h-stripes-sneaker-in-weiss-schwarz\/","title":{"rendered":"Hogan H-Stripes Sneaker in Wei\u00df \/ Schwarz"},"content":{"rendered":"<p>Die Hogan H-Stripes Sneaker \u00fcberzeugen durch sportliche und vielseitige Linien und sind mit einer extraleichten Sohle mit vertikalen Streifen ausgestattet. Das Obermaterial zeigt ein kompaktes und ausgewogenes Design, das durch ein seitliches H-Detail \u00fcber die gesamte L\u00e4nge hervorgehoben wird. Der weich gepolsterte Schaftrand mit N\u00e4hten an der Fersenkappe sorgt f\u00fcr zus\u00e4tzlichen Tragekomfort. Diese Version ist aus Leder gefertigt und verf\u00fcgt \u00fcber eine Memory-Foam-Innensohle f\u00fcr optimale D\u00e4mpfung.<\/p>\n<p>Hogan H-Stripes Herrensneaker<br \/>\nMade in Italy<br \/>\nObermaterial aus Leder<br \/>\nEins\u00e4tze aus Nappaleder<br \/>\nSeitliches H<br \/>\nDetails aus Wildleder<br \/>\n8 mm Memory-Foam-Innensohle<br \/>\nEVA-Sohle<br \/>\nGesamth\u00f6he: 4,8 cm<\/p>\n<p>Modell: HXM6450FE93UY80001<\/p>\n","protected":false},"excerpt":{"rendered":"<p>Die Hogan H-Stripes Sneaker \u00fcberzeugen durch sportliche und vielseitige Linien und sind mit einer extraleichten Sohle mit vertikalen Streifen ausgestattet. Das Obermaterial zeigt ein kompaktes und ausgewogenes Design, das durch&#8230;<\/p>\n","protected":false},"featured_media":8053,"template":"","meta":{"_acf_changed":false,"inline_featured_image":false},"product_brand":[],"product_cat":[66,129,70],"product_tag":[183,184],"class_list":{"0":"post-8091","1":"product","2":"type-product","3":"status-publish","4":"has-post-thumbnail","6":"product_cat-herren","7":"product_cat-schuhe-herren","8":"product_cat-sneaker-herren","9":"product_tag-hogan","10":"product_tag-weiss","12":"first","13":"instock","14":"shipping-taxable","15":"purchasable","16":"product-type-variable"},"acf":[],"_links":{"self":[{"href":"https:\/\/kuntnerforludovica.com\/de\/wp-json\/wp\/v2\/product\/8091","targetHints":{"allow":["GET"]}}],"collection":[{"href":"https:\/\/kuntnerforludovica.com\/de\/wp-json\/wp\/v2\/product"}],"about":[{"href":"https:\/\/kuntnerforludovica.com\/de\/wp-json\/wp\/v2\/types\/product"}],"wp:featuredmedia":[{"embeddable":true,"href":"https:\/\/kuntnerforludovica.com\/de\/wp-json\/wp\/v2\/media\/8053"}],"wp:attachment":[{"href":"https:\/\/kuntnerforludovica.com\/de\/wp-json\/wp\/v2\/media?parent=8091"}],"wp:term":[{"taxonomy":"product_brand","embeddable":true,"href":"https:\/\/kuntnerforludovica.com\/de\/wp-json\/wp\/v2\/product_brand?post=8091"},{"taxonomy":"product_cat","embeddable":true,"href":"https:\/\/kuntnerforludovica.com\/de\/wp-json\/wp\/v2\/product_cat?post=8091"},{"taxonomy":"product_tag","embeddable":true,"href":"https:\/\/kuntnerforludovica.com\/de\/wp-json\/wp\/v2\/product_tag?post=8091"}],"curies":[{"name":"wp","href":"https:\/\/api.w.org\/{rel}","templated":true}]}}