{"id":8022,"date":"2026-01-23T10:52:00","date_gmt":"2026-01-23T10:52:00","guid":{"rendered":"https:\/\/kuntnerforludovica.com\/prodotto\/hogan-h-stripes-sneaker-in-grau-elfenbein-beige\/"},"modified":"2026-01-23T10:52:00","modified_gmt":"2026-01-23T10:52:00","slug":"hogan-h-stripes-sneaker-in-grau-elfenbein-beige","status":"publish","type":"product","link":"https:\/\/kuntnerforludovica.com\/de\/prodotto\/hogan-h-stripes-sneaker-in-grau-elfenbein-beige\/","title":{"rendered":"Hogan H-Stripes Sneaker in Grau \/ Elfenbein \/ Beige"},"content":{"rendered":"<p>Die Hogan H-Stripes Sneaker zeichnen sich durch sportliche und vielseitige Linien aus und sind mit einer extraleichten Sohle mit vertikalen Streifen versehen. Das Obermaterial \u00fcberzeugt durch ein kompaktes und ausgewogenes Design, das durch ein H-Detail \u00fcber die gesamte Seitenfl\u00e4che betont wird. Der weich gepolsterte Schaftrand mit N\u00e4hten an der Fersenkappe sorgt f\u00fcr zus\u00e4tzlichen Komfort. Diese Version ist aus genarbtem Leder und Wildleder gefertigt und verf\u00fcgt \u00fcber eine Memory-Foam-Innensohle f\u00fcr optimale D\u00e4mpfung.<\/p>\n<p>Modell: HXM6450FE91UXI0RVM<\/p>\n<p>Hogan H-Stripes Herrensneaker<br \/>\nMade in Italy<br \/>\nObermaterial aus Leder<br \/>\nSeitliches H und Eins\u00e4tze aus Wildleder<br \/>\nDetails aus Nappaleder<br \/>\n8 mm Memory-Foam-Innensohle<br \/>\nEVA-Sohle<br \/>\nGesamth\u00f6he: 4,8 cm<\/p>\n","protected":false},"excerpt":{"rendered":"<p>Die Hogan H-Stripes Sneaker zeichnen sich durch sportliche und vielseitige Linien aus und sind mit einer extraleichten Sohle mit vertikalen Streifen versehen. Das Obermaterial \u00fcberzeugt durch ein kompaktes und ausgewogenes&#8230;<\/p>\n","protected":false},"featured_media":8006,"template":"","meta":{"_acf_changed":false,"inline_featured_image":false},"product_brand":[],"product_cat":[66,129,70],"product_tag":[183],"class_list":{"0":"post-8022","1":"product","2":"type-product","3":"status-publish","4":"has-post-thumbnail","6":"product_cat-herren","7":"product_cat-schuhe-herren","8":"product_cat-sneaker-herren","9":"product_tag-hogan","11":"first","12":"instock","13":"shipping-taxable","14":"purchasable","15":"product-type-variable"},"acf":[],"_links":{"self":[{"href":"https:\/\/kuntnerforludovica.com\/de\/wp-json\/wp\/v2\/product\/8022","targetHints":{"allow":["GET"]}}],"collection":[{"href":"https:\/\/kuntnerforludovica.com\/de\/wp-json\/wp\/v2\/product"}],"about":[{"href":"https:\/\/kuntnerforludovica.com\/de\/wp-json\/wp\/v2\/types\/product"}],"wp:featuredmedia":[{"embeddable":true,"href":"https:\/\/kuntnerforludovica.com\/de\/wp-json\/wp\/v2\/media\/8006"}],"wp:attachment":[{"href":"https:\/\/kuntnerforludovica.com\/de\/wp-json\/wp\/v2\/media?parent=8022"}],"wp:term":[{"taxonomy":"product_brand","embeddable":true,"href":"https:\/\/kuntnerforludovica.com\/de\/wp-json\/wp\/v2\/product_brand?post=8022"},{"taxonomy":"product_cat","embeddable":true,"href":"https:\/\/kuntnerforludovica.com\/de\/wp-json\/wp\/v2\/product_cat?post=8022"},{"taxonomy":"product_tag","embeddable":true,"href":"https:\/\/kuntnerforludovica.com\/de\/wp-json\/wp\/v2\/product_tag?post=8022"}],"curies":[{"name":"wp","href":"https:\/\/api.w.org\/{rel}","templated":true}]}}