{"id":7977,"date":"2026-01-23T10:42:56","date_gmt":"2026-01-23T10:42:56","guid":{"rendered":"https:\/\/kuntnerforludovica.com\/prodotto\/hogan-h601-sneaker-in-blau\/"},"modified":"2026-05-05T10:45:55","modified_gmt":"2026-05-05T10:45:55","slug":"hogan-h601-sneaker-in-blau","status":"publish","type":"product","link":"https:\/\/kuntnerforludovica.com\/de\/prodotto\/hogan-h601-sneaker-in-blau\/","title":{"rendered":"Hogan H601 Sneaker in Blau"},"content":{"rendered":"<p>Markanter Look und Retro-Inspirationen vereinen sich in den Hogan H601 Sneakern. F\u00fcr optimalen Grip sorgt die leichte Gummisohle mit einem Profil aus den typischen H-f\u00f6rmigen Stollen. Das Modell verf\u00fcgt \u00fcber ein Obermaterial aus Wildleder und Textil, erg\u00e4nzt durch ein seitliches H aus Nubukleder. Die Memory-Foam-Innensohle garantiert eine angenehm ged\u00e4mpfte Passform.<\/p>\n<p>Modell: HXM6010FZ40V5U419M<\/p>\n<p>Hogan H601 Herrensneaker<br \/>\nMade in Italy<br \/>\nObermaterial aus Wildleder und Textil<br \/>\nSeitliches H und Details aus Nubukleder<br \/>\n8 mm Memory-Foam-Innensohle<br \/>\nGummisohle<br \/>\nGesamth\u00f6he: 4,5 cm<\/p>\n","protected":false},"excerpt":{"rendered":"<p>Markanter Look und Retro-Inspirationen vereinen sich in den Hogan H601 Sneakern. F\u00fcr optimalen Grip sorgt die leichte Gummisohle mit einem Profil aus den typischen H-f\u00f6rmigen Stollen. Das Modell verf\u00fcgt \u00fcber&#8230;<\/p>\n","protected":false},"featured_media":7962,"template":"","meta":{"_acf_changed":false,"inline_featured_image":false},"product_brand":[],"product_cat":[66,129,70],"product_tag":[183],"class_list":{"0":"post-7977","1":"product","2":"type-product","3":"status-publish","4":"has-post-thumbnail","6":"product_cat-herren","7":"product_cat-schuhe-herren","8":"product_cat-sneaker-herren","9":"product_tag-hogan","11":"first","12":"instock","13":"shipping-taxable","14":"purchasable","15":"product-type-variable"},"acf":[],"_links":{"self":[{"href":"https:\/\/kuntnerforludovica.com\/de\/wp-json\/wp\/v2\/product\/7977","targetHints":{"allow":["GET"]}}],"collection":[{"href":"https:\/\/kuntnerforludovica.com\/de\/wp-json\/wp\/v2\/product"}],"about":[{"href":"https:\/\/kuntnerforludovica.com\/de\/wp-json\/wp\/v2\/types\/product"}],"wp:featuredmedia":[{"embeddable":true,"href":"https:\/\/kuntnerforludovica.com\/de\/wp-json\/wp\/v2\/media\/7962"}],"wp:attachment":[{"href":"https:\/\/kuntnerforludovica.com\/de\/wp-json\/wp\/v2\/media?parent=7977"}],"wp:term":[{"taxonomy":"product_brand","embeddable":true,"href":"https:\/\/kuntnerforludovica.com\/de\/wp-json\/wp\/v2\/product_brand?post=7977"},{"taxonomy":"product_cat","embeddable":true,"href":"https:\/\/kuntnerforludovica.com\/de\/wp-json\/wp\/v2\/product_cat?post=7977"},{"taxonomy":"product_tag","embeddable":true,"href":"https:\/\/kuntnerforludovica.com\/de\/wp-json\/wp\/v2\/product_tag?post=7977"}],"curies":[{"name":"wp","href":"https:\/\/api.w.org\/{rel}","templated":true}]}}