{"id":7620,"date":"2026-01-22T15:53:08","date_gmt":"2026-01-22T15:53:08","guid":{"rendered":"https:\/\/kuntnerforludovica.com\/prodotto\/hogan-sneakers-hogan-cool-in-elfenbein-braun\/"},"modified":"2026-01-22T16:51:10","modified_gmt":"2026-01-22T16:51:10","slug":"hogan-sneakers-hogan-cool-in-elfenbein-braun","status":"publish","type":"product","link":"https:\/\/kuntnerforludovica.com\/de\/prodotto\/hogan-sneakers-hogan-cool-in-elfenbein-braun\/","title":{"rendered":"Hogan Sneakers Cool in Elfenbein-Braun"},"content":{"rendered":"<p>Perfekte Mischung aus Retro-Elementen und zeitgen\u00f6ssischen Linien: Die Hogan Cool Sneakers \u00fcberzeugen durch ein schlichtes und elegantes Design. Mit gepolsterter Zunge gefertigt, besteht das Obermaterial aus Glatt- und Veloursleder, mit seitlichem H aus Nappaleder. Eine Neuinterpretation des historischen H327-Modells, die Sohle zeigt das schr\u00e4g verlaufende Monogramm auf dem Profil. Die Memory-Foam-Einlegesohle sorgt f\u00fcr ged\u00e4mpften Tragekomfort.<\/p>\n<p>Modell: HXM6470FB60QDA739M<\/p>\n<p>Herren Hogan Cool Sneakers<br \/>\nObermaterial aus Glatt- und Veloursleder<br \/>\nSeitliches H aus Nappaleder<br \/>\n16 mm Memory-Foam-Einlegesohle<br \/>\nGummisohle (TPU)<br \/>\nGesamth\u00f6he: 2,8 cm<\/p>\n","protected":false},"excerpt":{"rendered":"<p><br data-mce-bogus=\"1\"><\/p>\n","protected":false},"featured_media":7604,"template":"","meta":{"_acf_changed":false,"inline_featured_image":false},"product_brand":[],"product_cat":[66,129,70],"product_tag":[183],"class_list":{"0":"post-7620","1":"product","2":"type-product","3":"status-publish","4":"has-post-thumbnail","6":"product_cat-herren","7":"product_cat-schuhe-herren","8":"product_cat-sneaker-herren","9":"product_tag-hogan","11":"first","12":"instock","13":"shipping-taxable","14":"purchasable","15":"product-type-variable"},"acf":[],"_links":{"self":[{"href":"https:\/\/kuntnerforludovica.com\/de\/wp-json\/wp\/v2\/product\/7620","targetHints":{"allow":["GET"]}}],"collection":[{"href":"https:\/\/kuntnerforludovica.com\/de\/wp-json\/wp\/v2\/product"}],"about":[{"href":"https:\/\/kuntnerforludovica.com\/de\/wp-json\/wp\/v2\/types\/product"}],"wp:featuredmedia":[{"embeddable":true,"href":"https:\/\/kuntnerforludovica.com\/de\/wp-json\/wp\/v2\/media\/7604"}],"wp:attachment":[{"href":"https:\/\/kuntnerforludovica.com\/de\/wp-json\/wp\/v2\/media?parent=7620"}],"wp:term":[{"taxonomy":"product_brand","embeddable":true,"href":"https:\/\/kuntnerforludovica.com\/de\/wp-json\/wp\/v2\/product_brand?post=7620"},{"taxonomy":"product_cat","embeddable":true,"href":"https:\/\/kuntnerforludovica.com\/de\/wp-json\/wp\/v2\/product_cat?post=7620"},{"taxonomy":"product_tag","embeddable":true,"href":"https:\/\/kuntnerforludovica.com\/de\/wp-json\/wp\/v2\/product_tag?post=7620"}],"curies":[{"name":"wp","href":"https:\/\/api.w.org\/{rel}","templated":true}]}}