{"id":7478,"date":"2026-01-22T13:51:52","date_gmt":"2026-01-22T13:51:52","guid":{"rendered":"https:\/\/kuntnerforludovica.com\/prodotto\/hogan-sneakers-hogan-86er-in-salbeigruen\/"},"modified":"2026-04-17T10:42:34","modified_gmt":"2026-04-17T10:42:34","slug":"hogan-sneakers-hogan-86er-in-salbeigruen","status":"publish","type":"product","link":"https:\/\/kuntnerforludovica.com\/de\/prodotto\/hogan-sneakers-hogan-86er-in-salbeigruen\/","title":{"rendered":"Hogan Sneakers 86er in Salbeigr\u00fcn"},"content":{"rendered":"<p>Eine Hommage an die ber\u00fchmten Sneakers, die das Geburtsjahr der Marke mitpr\u00e4gten: Die Hogan 86er pr\u00e4sentieren das ikonische H-Applikationsdetail. Die extraleichte Sohle hat ein Profil mit Noppen, das auch die Fersenverst\u00e4rkung nachzeichnet. Komplettiert durch eine 5 mm dicke Memory-Foam-Einlegesohle sind diese Sneakers aus Veloursleder perfekt f\u00fcr einen entspannten, l\u00e4ssigen Look.<\/p>\n<p>Modell: HXW7010FP0CUHO0RV7<\/p>\n<p>Damen Hogan 86er Sneakers<br \/>\nHergestellt in Italien<br \/>\nObermaterial aus Veloursleder<br \/>\nH-Applikation aus Glattleder an der Seite<br \/>\n5 mm Memory-Foam-Einlegesohle<br \/>\nEVA-Sohle<br \/>\nGesamth\u00f6he: 4 cm<\/p>\n","protected":false},"excerpt":{"rendered":"<p>Eine Hommage an die ber\u00fchmten Sneakers, die das Geburtsjahr der Marke mitpr\u00e4gten: Die Hogan 86er pr\u00e4sentieren das ikonische H-Applikationsdetail. Die extraleichte Sohle hat ein Profil mit Noppen, das auch die&#8230;<\/p>\n","protected":false},"featured_media":7464,"template":"","meta":{"_acf_changed":false,"inline_featured_image":false},"product_brand":[],"product_cat":[53,87,57],"product_tag":[183],"class_list":{"0":"post-7478","1":"product","2":"type-product","3":"status-publish","4":"has-post-thumbnail","6":"product_cat-damen","7":"product_cat-schuhe-damen","8":"product_cat-sneaker-damen","9":"product_tag-hogan","11":"first","12":"instock","13":"shipping-taxable","14":"purchasable","15":"product-type-variable"},"acf":[],"_links":{"self":[{"href":"https:\/\/kuntnerforludovica.com\/de\/wp-json\/wp\/v2\/product\/7478","targetHints":{"allow":["GET"]}}],"collection":[{"href":"https:\/\/kuntnerforludovica.com\/de\/wp-json\/wp\/v2\/product"}],"about":[{"href":"https:\/\/kuntnerforludovica.com\/de\/wp-json\/wp\/v2\/types\/product"}],"wp:featuredmedia":[{"embeddable":true,"href":"https:\/\/kuntnerforludovica.com\/de\/wp-json\/wp\/v2\/media\/7464"}],"wp:attachment":[{"href":"https:\/\/kuntnerforludovica.com\/de\/wp-json\/wp\/v2\/media?parent=7478"}],"wp:term":[{"taxonomy":"product_brand","embeddable":true,"href":"https:\/\/kuntnerforludovica.com\/de\/wp-json\/wp\/v2\/product_brand?post=7478"},{"taxonomy":"product_cat","embeddable":true,"href":"https:\/\/kuntnerforludovica.com\/de\/wp-json\/wp\/v2\/product_cat?post=7478"},{"taxonomy":"product_tag","embeddable":true,"href":"https:\/\/kuntnerforludovica.com\/de\/wp-json\/wp\/v2\/product_tag?post=7478"}],"curies":[{"name":"wp","href":"https:\/\/api.w.org\/{rel}","templated":true}]}}