{"id":7135,"date":"2026-01-22T10:29:33","date_gmt":"2026-01-22T10:29:33","guid":{"rendered":"https:\/\/kuntnerforludovica.com\/prodotto\/hogan-mini-elfenbeinfarbene-shopping-bag\/"},"modified":"2026-01-22T10:29:33","modified_gmt":"2026-01-22T10:29:33","slug":"hogan-mini-elfenbeinfarbene-shopping-bag","status":"publish","type":"product","link":"https:\/\/kuntnerforludovica.com\/de\/prodotto\/hogan-mini-elfenbeinfarbene-shopping-bag\/","title":{"rendered":"Hogan Mini Elfenbeinfarbene Shopping Bag"},"content":{"rendered":"<p>Diese ungef\u00fctterte Mini-Tasche aus genarbtem Leder verf\u00fcgt \u00fcber zwei Tragegriffe und einen abnehmbaren Schulterriemen. Das Innenfach ist in zwei Bereiche unterteilt, die durch eine flache Tasche mit Kartenf\u00e4chern getrennt sind. Ein schickes und funktionales Modell mit gepr\u00e4gtem Hogan-Logo und H-Fob-Anh\u00e4nger aus Metall.<\/p>\n<p>Hogan Mini Shopping Bag f\u00fcr Damen<br \/>\nArtikel aus genarbtem Leder<br \/>\nGepr\u00e4gtes Hogan-Logo<br \/>\nBeschichteter H-Fob-Anh\u00e4nger aus Metall<br \/>\nZentrale Tasche mit Kartenf\u00e4chern<br \/>\nMa\u00dfe: 16 x 18 x 9 cm<br \/>\nDoppelte Tragegriffe<br \/>\nVerstellbarer und abnehmbarer Schulterriemen<br \/>\nKBW01RA0100TH1B013<\/p>\n","protected":false},"excerpt":{"rendered":"<p>Diese ungef\u00fctterte Mini-Tasche aus genarbtem Leder verf\u00fcgt \u00fcber zwei Tragegriffe und einen abnehmbaren Schulterriemen. Das Innenfach ist in zwei Bereiche unterteilt, die durch eine flache Tasche mit Kartenf\u00e4chern getrennt sind&#8230;.<\/p>\n","protected":false},"featured_media":7133,"template":"","meta":{"_acf_changed":false,"inline_featured_image":false},"product_brand":[],"product_cat":[53,105,111,96,102],"product_tag":[183,184],"class_list":{"0":"post-7135","1":"product","2":"type-product","3":"status-publish","4":"has-post-thumbnail","6":"product_cat-damen","7":"product_cat-handtaschen","8":"product_cat-minitaschen","9":"product_cat-taschen-damen","10":"product_cat-umhaengetaschen","11":"product_tag-hogan","12":"product_tag-weiss","14":"first","15":"instock","16":"shipping-taxable","17":"purchasable","18":"product-type-simple"},"acf":[],"_links":{"self":[{"href":"https:\/\/kuntnerforludovica.com\/de\/wp-json\/wp\/v2\/product\/7135","targetHints":{"allow":["GET"]}}],"collection":[{"href":"https:\/\/kuntnerforludovica.com\/de\/wp-json\/wp\/v2\/product"}],"about":[{"href":"https:\/\/kuntnerforludovica.com\/de\/wp-json\/wp\/v2\/types\/product"}],"wp:featuredmedia":[{"embeddable":true,"href":"https:\/\/kuntnerforludovica.com\/de\/wp-json\/wp\/v2\/media\/7133"}],"wp:attachment":[{"href":"https:\/\/kuntnerforludovica.com\/de\/wp-json\/wp\/v2\/media?parent=7135"}],"wp:term":[{"taxonomy":"product_brand","embeddable":true,"href":"https:\/\/kuntnerforludovica.com\/de\/wp-json\/wp\/v2\/product_brand?post=7135"},{"taxonomy":"product_cat","embeddable":true,"href":"https:\/\/kuntnerforludovica.com\/de\/wp-json\/wp\/v2\/product_cat?post=7135"},{"taxonomy":"product_tag","embeddable":true,"href":"https:\/\/kuntnerforludovica.com\/de\/wp-json\/wp\/v2\/product_tag?post=7135"}],"curies":[{"name":"wp","href":"https:\/\/api.w.org\/{rel}","templated":true}]}}