{"id":7103,"date":"2026-01-21T16:50:45","date_gmt":"2026-01-21T16:50:45","guid":{"rendered":"https:\/\/kuntnerforludovica.com\/prodotto\/hogan-address-mini-shopping-bag-in-braun-elfenbeinfarben\/"},"modified":"2026-01-21T16:50:45","modified_gmt":"2026-01-21T16:50:45","slug":"hogan-address-mini-shopping-bag-in-braun-elfenbeinfarben","status":"publish","type":"product","link":"https:\/\/kuntnerforludovica.com\/de\/prodotto\/hogan-address-mini-shopping-bag-in-braun-elfenbeinfarben\/","title":{"rendered":"Hogan Address Mini Shopping Bag in Braun\/Elfenbeinfarben"},"content":{"rendered":"<p>Die charakteristische Shopping Bag mit der Markenadresse wird hier in einer leichten, sommerlichen Version pr\u00e4sentiert. Mit aufgedrucktem Logo verf\u00fcgt diese Rafia-Variante \u00fcber zwei feste Griffe und einen abnehmbaren Leder-Schulterriemen. Abgerundet wird das Modell durch einen Schl\u00fcsselanh\u00e4nger und den Metall-H-Fob-Anh\u00e4nger.<\/p>\n<p>Hogan Damen-Shoppingbag<br \/>\nArtikel aus Rafia gefertigt<br \/>\nDetails aus Glattleder<br \/>\nAufgedrucktes Logo \u201evia Monte Napoleone\u201c<br \/>\nMa\u00dfe: 23 x 17 x 8 cm<br \/>\nFeste Griffe<br \/>\nVerstellbarer und abnehmbarer Schulterriemen<br \/>\nMagnetknopfverschluss<br \/>\nInnenfach mit Rei\u00dfverschluss<br \/>\nMetallf\u00fc\u00dfchen<\/p>\n","protected":false},"excerpt":{"rendered":"<p>Die charakteristische Shopping Bag mit der Markenadresse wird hier in einer leichten, sommerlichen Version pr\u00e4sentiert. Mit aufgedrucktem Logo verf\u00fcgt diese Rafia-Variante \u00fcber zwei feste Griffe und einen abnehmbaren Leder-Schulterriemen. Abgerundet&#8230;<\/p>\n","protected":false},"featured_media":7101,"template":"","meta":{"_acf_changed":false,"inline_featured_image":false},"product_brand":[202],"product_cat":[53,105,111,96,102],"product_tag":[183],"class_list":{"0":"post-7103","1":"product","2":"type-product","3":"status-publish","4":"has-post-thumbnail","6":"product_brand-hogan","7":"product_cat-damen","8":"product_cat-handtaschen","9":"product_cat-minitaschen","10":"product_cat-taschen-damen","11":"product_cat-umhaengetaschen","12":"product_tag-hogan","14":"first","15":"instock","16":"shipping-taxable","17":"purchasable","18":"product-type-simple"},"acf":[],"_links":{"self":[{"href":"https:\/\/kuntnerforludovica.com\/de\/wp-json\/wp\/v2\/product\/7103","targetHints":{"allow":["GET"]}}],"collection":[{"href":"https:\/\/kuntnerforludovica.com\/de\/wp-json\/wp\/v2\/product"}],"about":[{"href":"https:\/\/kuntnerforludovica.com\/de\/wp-json\/wp\/v2\/types\/product"}],"wp:featuredmedia":[{"embeddable":true,"href":"https:\/\/kuntnerforludovica.com\/de\/wp-json\/wp\/v2\/media\/7101"}],"wp:attachment":[{"href":"https:\/\/kuntnerforludovica.com\/de\/wp-json\/wp\/v2\/media?parent=7103"}],"wp:term":[{"taxonomy":"product_brand","embeddable":true,"href":"https:\/\/kuntnerforludovica.com\/de\/wp-json\/wp\/v2\/product_brand?post=7103"},{"taxonomy":"product_cat","embeddable":true,"href":"https:\/\/kuntnerforludovica.com\/de\/wp-json\/wp\/v2\/product_cat?post=7103"},{"taxonomy":"product_tag","embeddable":true,"href":"https:\/\/kuntnerforludovica.com\/de\/wp-json\/wp\/v2\/product_tag?post=7103"}],"curies":[{"name":"wp","href":"https:\/\/api.w.org\/{rel}","templated":true}]}}