{"id":6521,"date":"2026-01-20T15:59:54","date_gmt":"2026-01-20T15:59:54","guid":{"rendered":"https:\/\/kuntnerforludovica.com\/prodotto\/tods-kartenetui-aus-schwarzem-leder\/"},"modified":"2026-02-09T15:41:46","modified_gmt":"2026-02-09T15:41:46","slug":"tods-kartenetui-aus-schwarzem-leder","status":"publish","type":"product","link":"https:\/\/kuntnerforludovica.com\/de\/prodotto\/tods-kartenetui-aus-schwarzem-leder\/","title":{"rendered":"Tod\u2019s Kartenetui aus schwarzem Leder"},"content":{"rendered":"<p>Kreditkartenetui mit Rei\u00dfverschluss aus weichem Kalbsleder. Es verf\u00fcgt \u00fcber eine praktische Fronttasche mit ikonischer Mittelnaht, vier Kartenf\u00e4cher und ein Tod\u2019s-Logo als Hot-Stamp auf der R\u00fcckseite.<br \/>\nMa\u00dfe: 15 x 8,5 x 1,5 cm<br \/>\nMade in Italy<br \/>\nLeder-Kartenetui<br \/>\nAus Kalbsleder gefertigt<br \/>\nTod\u2019s-Logo als Hot-Stamp auf der R\u00fcckseite<br \/>\nRei\u00dfverschlussverschluss<\/p>\n<p>MOD.XAWDBNF8400XSOB999<\/p>\n","protected":false},"excerpt":{"rendered":"<p>Kreditkartenetui mit Rei\u00dfverschluss aus weichem Kalbsleder. Es verf\u00fcgt \u00fcber eine praktische Fronttasche mit ikonischer Mittelnaht, vier Kartenf\u00e4cher und ein Tod\u2019s-Logo als Hot-Stamp auf der R\u00fcckseite. Ma\u00dfe: 15 x 8,5 x&#8230;<\/p>\n","protected":false},"featured_media":3440,"template":"","meta":{"_acf_changed":false,"inline_featured_image":false},"product_brand":[203],"product_cat":[114,195,53,120,60,62],"product_tag":[72,209],"class_list":{"0":"post-6521","1":"product","2":"type-product","3":"status-publish","4":"has-post-thumbnail","6":"product_brand-tods","7":"product_cat-accessoires-damen","8":"product_cat-accessories-sale","9":"product_cat-damen","10":"product_cat-portemonnaies-kartenhalter-damen","11":"product_cat-sale-deu","12":"product_cat-sale-damen","13":"product_tag-schwarz","14":"product_tag-tods-2","16":"first","17":"instock","18":"sale","19":"shipping-taxable","20":"purchasable","21":"product-type-simple"},"acf":[],"_links":{"self":[{"href":"https:\/\/kuntnerforludovica.com\/de\/wp-json\/wp\/v2\/product\/6521","targetHints":{"allow":["GET"]}}],"collection":[{"href":"https:\/\/kuntnerforludovica.com\/de\/wp-json\/wp\/v2\/product"}],"about":[{"href":"https:\/\/kuntnerforludovica.com\/de\/wp-json\/wp\/v2\/types\/product"}],"wp:featuredmedia":[{"embeddable":true,"href":"https:\/\/kuntnerforludovica.com\/de\/wp-json\/wp\/v2\/media\/3440"}],"wp:attachment":[{"href":"https:\/\/kuntnerforludovica.com\/de\/wp-json\/wp\/v2\/media?parent=6521"}],"wp:term":[{"taxonomy":"product_brand","embeddable":true,"href":"https:\/\/kuntnerforludovica.com\/de\/wp-json\/wp\/v2\/product_brand?post=6521"},{"taxonomy":"product_cat","embeddable":true,"href":"https:\/\/kuntnerforludovica.com\/de\/wp-json\/wp\/v2\/product_cat?post=6521"},{"taxonomy":"product_tag","embeddable":true,"href":"https:\/\/kuntnerforludovica.com\/de\/wp-json\/wp\/v2\/product_tag?post=6521"}],"curies":[{"name":"wp","href":"https:\/\/api.w.org\/{rel}","templated":true}]}}