{"id":6492,"date":"2026-01-20T15:24:27","date_gmt":"2026-01-20T15:24:27","guid":{"rendered":"https:\/\/kuntnerforludovica.com\/prodotto\/tods-geldboerse-aus-schwarzem-leder-2\/"},"modified":"2026-01-20T15:24:27","modified_gmt":"2026-01-20T15:24:27","slug":"tods-geldboerse-aus-schwarzem-leder-2","status":"publish","type":"product","link":"https:\/\/kuntnerforludovica.com\/de\/prodotto\/tods-geldboerse-aus-schwarzem-leder-2\/","title":{"rendered":"Tod\u2019s Geldb\u00f6rse aus schwarzem Leder"},"content":{"rendered":"<p>Geldb\u00f6rse und Kreditkartenetui aus weichem Kalbsleder mit ikonischer Mittelnaht und auf der Vorderseite eingepr\u00e4gtem Tod\u2019s-Logo. Innen befinden sich flache Taschen und Kartenf\u00e4cher.<br data-start=\"208\" data-end=\"211\" \/>Ma\u00dfe: B 11 cm x H 9 cm x T 2 cm<br data-start=\"242\" data-end=\"245\" \/>Made in Italy<br data-start=\"258\" data-end=\"261\" \/>Kartenetui aus Leder<br data-start=\"281\" data-end=\"284\" \/>Artikel aus Kalbsleder gefertigt<br data-start=\"316\" data-end=\"319\" \/>Auf der Vorderseite eingepr\u00e4gtes Tod\u2019s-Logo<br data-start=\"362\" data-end=\"365\" \/>2 flache Taschen<br data-start=\"381\" data-end=\"384\" \/>6 Kartenf\u00e4cher<\/p>\n","protected":false},"excerpt":{"rendered":"<p>Geldb\u00f6rse und Kreditkartenetui aus weichem Kalbsleder mit ikonischer Mittelnaht und auf der Vorderseite eingepr\u00e4gtem Tod\u2019s-Logo. Innen befinden sich flache Taschen und Kartenf\u00e4cher.Ma\u00dfe: B 11 cm x H 9 cm x&#8230;<\/p>\n","protected":false},"featured_media":3344,"template":"","meta":{"_acf_changed":false,"inline_featured_image":false},"product_brand":[203],"product_cat":[153,201,66,159,60,64],"product_tag":[209],"class_list":{"0":"post-6492","1":"product","2":"type-product","3":"status-publish","4":"has-post-thumbnail","6":"product_brand-tods","7":"product_cat-accessoires-herren","8":"product_cat-accessories-sale","9":"product_cat-herren","10":"product_cat-portemonnaies-kartenhalter-herren","11":"product_cat-sale-deu","12":"product_cat-sale-herren","13":"product_tag-tods-2","15":"first","16":"instock","17":"sale","18":"shipping-taxable","19":"purchasable","20":"product-type-simple"},"acf":[],"_links":{"self":[{"href":"https:\/\/kuntnerforludovica.com\/de\/wp-json\/wp\/v2\/product\/6492","targetHints":{"allow":["GET"]}}],"collection":[{"href":"https:\/\/kuntnerforludovica.com\/de\/wp-json\/wp\/v2\/product"}],"about":[{"href":"https:\/\/kuntnerforludovica.com\/de\/wp-json\/wp\/v2\/types\/product"}],"wp:featuredmedia":[{"embeddable":true,"href":"https:\/\/kuntnerforludovica.com\/de\/wp-json\/wp\/v2\/media\/3344"}],"wp:attachment":[{"href":"https:\/\/kuntnerforludovica.com\/de\/wp-json\/wp\/v2\/media?parent=6492"}],"wp:term":[{"taxonomy":"product_brand","embeddable":true,"href":"https:\/\/kuntnerforludovica.com\/de\/wp-json\/wp\/v2\/product_brand?post=6492"},{"taxonomy":"product_cat","embeddable":true,"href":"https:\/\/kuntnerforludovica.com\/de\/wp-json\/wp\/v2\/product_cat?post=6492"},{"taxonomy":"product_tag","embeddable":true,"href":"https:\/\/kuntnerforludovica.com\/de\/wp-json\/wp\/v2\/product_tag?post=6492"}],"curies":[{"name":"wp","href":"https:\/\/api.w.org\/{rel}","templated":true}]}}