{"id":6450,"date":"2026-01-20T15:00:08","date_gmt":"2026-01-20T15:00:08","guid":{"rendered":"https:\/\/kuntnerforludovica.com\/prodotto\/tods-geldboerse-aus-schwarzem-leder\/"},"modified":"2026-01-20T15:00:08","modified_gmt":"2026-01-20T15:00:08","slug":"tods-geldboerse-aus-schwarzem-leder","status":"publish","type":"product","link":"https:\/\/kuntnerforludovica.com\/de\/prodotto\/tods-geldboerse-aus-schwarzem-leder\/","title":{"rendered":"Tod\u2019s Geldb\u00f6rse aus schwarzem Leder"},"content":{"rendered":"<p>Geldb\u00f6rse aus Kalbsleder mit T-Timeless-Logo aus Metall. Innen befinden sich zwei Geldscheinf\u00e4cher, flache Taschen und Kartenf\u00e4cher.<br \/>\nMa\u00dfe: B 11 cm x H 9,5 x T 1,5 cm<br \/>\nMade in Italy<br \/>\nLeder-Geldb\u00f6rse<br \/>\nArtikel aus Kalbsleder gefertigt<br \/>\nT-Timeless-Logo aus Metall<br \/>\n2 Geldscheinf\u00e4cher<br \/>\n2 flache Taschen<br \/>\n8 Kartenf\u00e4cher<\/p>\n","protected":false},"excerpt":{"rendered":"<p>Geldb\u00f6rse aus Kalbsleder mit T-Timeless-Logo aus Metall. Innen befinden sich zwei Geldscheinf\u00e4cher, flache Taschen und Kartenf\u00e4cher. Ma\u00dfe: B 11 cm x H 9,5 x T 1,5 cm Made in Italy&#8230;<\/p>\n","protected":false},"featured_media":3371,"template":"","meta":{"_acf_changed":false,"inline_featured_image":false},"product_brand":[203],"product_cat":[153,201,66,159,60,64],"product_tag":[209],"class_list":{"0":"post-6450","1":"product","2":"type-product","3":"status-publish","4":"has-post-thumbnail","6":"product_brand-tods","7":"product_cat-accessoires-herren","8":"product_cat-accessories-sale","9":"product_cat-herren","10":"product_cat-portemonnaies-kartenhalter-herren","11":"product_cat-sale-deu","12":"product_cat-sale-herren","13":"product_tag-tods-2","15":"first","16":"instock","17":"sale","18":"shipping-taxable","19":"purchasable","20":"product-type-simple"},"acf":[],"_links":{"self":[{"href":"https:\/\/kuntnerforludovica.com\/de\/wp-json\/wp\/v2\/product\/6450","targetHints":{"allow":["GET"]}}],"collection":[{"href":"https:\/\/kuntnerforludovica.com\/de\/wp-json\/wp\/v2\/product"}],"about":[{"href":"https:\/\/kuntnerforludovica.com\/de\/wp-json\/wp\/v2\/types\/product"}],"wp:featuredmedia":[{"embeddable":true,"href":"https:\/\/kuntnerforludovica.com\/de\/wp-json\/wp\/v2\/media\/3371"}],"wp:attachment":[{"href":"https:\/\/kuntnerforludovica.com\/de\/wp-json\/wp\/v2\/media?parent=6450"}],"wp:term":[{"taxonomy":"product_brand","embeddable":true,"href":"https:\/\/kuntnerforludovica.com\/de\/wp-json\/wp\/v2\/product_brand?post=6450"},{"taxonomy":"product_cat","embeddable":true,"href":"https:\/\/kuntnerforludovica.com\/de\/wp-json\/wp\/v2\/product_cat?post=6450"},{"taxonomy":"product_tag","embeddable":true,"href":"https:\/\/kuntnerforludovica.com\/de\/wp-json\/wp\/v2\/product_tag?post=6450"}],"curies":[{"name":"wp","href":"https:\/\/api.w.org\/{rel}","templated":true}]}}