{"id":6311,"date":"2026-01-20T13:14:17","date_gmt":"2026-01-20T13:14:17","guid":{"rendered":"https:\/\/kuntnerforludovica.com\/prodotto\/hogan-wendeguertel-aus-schwarzem-leder\/"},"modified":"2026-01-20T13:14:17","modified_gmt":"2026-01-20T13:14:17","slug":"hogan-wendeguertel-aus-schwarzem-leder","status":"publish","type":"product","link":"https:\/\/kuntnerforludovica.com\/de\/prodotto\/hogan-wendeguertel-aus-schwarzem-leder\/","title":{"rendered":"Hogan Wendeg\u00fcrtel aus schwarzem Leder"},"content":{"rendered":"<p>G\u00fcrtel aus semigl\u00e4nzendem Leder mit Dornschlie\u00dfe. Ein vielseitiges und zeitloses Accessoire mit eingepr\u00e4gtem Hogan-Logo.<br \/>\nWendbar<br \/>\nHerren-Lederg\u00fcrtel<br \/>\nMade in Italy<br \/>\nArtikel aus semigl\u00e4nzendem und genarbtem Leder<br \/>\nG\u00fcrtelschlaufe aus Leder mit genarbter Optik<br \/>\nMetall-Dornschlie\u00dfe<br \/>\nEingepr\u00e4gtes Hogan-Logo<br \/>\nH\u00f6he 3 cm<\/p>\n","protected":false},"excerpt":{"rendered":"<p>G\u00fcrtel aus semigl\u00e4nzendem Leder mit Dornschlie\u00dfe. Ein vielseitiges und zeitloses Accessoire mit eingepr\u00e4gtem Hogan-Logo. Wendbar Herren-Lederg\u00fcrtel Made in Italy Artikel aus semigl\u00e4nzendem und genarbtem Leder G\u00fcrtelschlaufe aus Leder mit genarbter&#8230;<\/p>\n","protected":false},"featured_media":6292,"template":"","meta":{"_acf_changed":false,"inline_featured_image":false},"product_brand":[],"product_cat":[153,201,156,66,60,64],"product_tag":[183,72],"class_list":{"0":"post-6311","1":"product","2":"type-product","3":"status-publish","4":"has-post-thumbnail","6":"product_cat-accessoires-herren","7":"product_cat-accessories-sale","8":"product_cat-guertel-herren","9":"product_cat-herren","10":"product_cat-sale-deu","11":"product_cat-sale-herren","12":"product_tag-hogan","13":"product_tag-schwarz","15":"first","16":"instock","17":"sale","18":"shipping-taxable","19":"purchasable","20":"product-type-simple"},"acf":[],"_links":{"self":[{"href":"https:\/\/kuntnerforludovica.com\/de\/wp-json\/wp\/v2\/product\/6311","targetHints":{"allow":["GET"]}}],"collection":[{"href":"https:\/\/kuntnerforludovica.com\/de\/wp-json\/wp\/v2\/product"}],"about":[{"href":"https:\/\/kuntnerforludovica.com\/de\/wp-json\/wp\/v2\/types\/product"}],"wp:featuredmedia":[{"embeddable":true,"href":"https:\/\/kuntnerforludovica.com\/de\/wp-json\/wp\/v2\/media\/6292"}],"wp:attachment":[{"href":"https:\/\/kuntnerforludovica.com\/de\/wp-json\/wp\/v2\/media?parent=6311"}],"wp:term":[{"taxonomy":"product_brand","embeddable":true,"href":"https:\/\/kuntnerforludovica.com\/de\/wp-json\/wp\/v2\/product_brand?post=6311"},{"taxonomy":"product_cat","embeddable":true,"href":"https:\/\/kuntnerforludovica.com\/de\/wp-json\/wp\/v2\/product_cat?post=6311"},{"taxonomy":"product_tag","embeddable":true,"href":"https:\/\/kuntnerforludovica.com\/de\/wp-json\/wp\/v2\/product_tag?post=6311"}],"curies":[{"name":"wp","href":"https:\/\/api.w.org\/{rel}","templated":true}]}}