{"id":6275,"date":"2026-01-20T12:55:47","date_gmt":"2026-01-20T12:55:47","guid":{"rendered":"https:\/\/kuntnerforludovica.com\/prodotto\/hogan-hocket-kleine-hobo-tasche-schwarz\/"},"modified":"2026-01-20T13:52:50","modified_gmt":"2026-01-20T13:52:50","slug":"hogan-hocket-kleine-hobo-tasche-schwarz","status":"publish","type":"product","link":"https:\/\/kuntnerforludovica.com\/de\/prodotto\/hogan-hocket-kleine-hobo-tasche-schwarz\/","title":{"rendered":"Hogan Hocket Kleine Hobo-Tasche Schwarz"},"content":{"rendered":"<p>Veredelt mit den typischen N\u00e4hten, die ein Maxi-H formen, pr\u00e4sentiert sich diese rechteckige Hobo-Tasche mit dem Hogan-Logo auf der Vorderseite und einem lederbezogenen H-Anh\u00e4nger aus Metall an der Seite. Aus weichem Leder gefertigt, l\u00e4sst sie sich vielseitig tragen: crossbody, \u00fcber der Schulter klassisch, seitlich als Bucket-Tasche oder in der Hand bzw. unter dem Arm, gefaltet. Ein Modell mit stets neuem Twist, erg\u00e4nzt durch eine praktische, abnehmbare Pochette.<\/p>\n<p>Damen-Hobo-Tasche<br \/>\nMaterial: Weiches Leder<br \/>\nHogan-Logo auf Vorder- und Seite gepr\u00e4gt<br \/>\nLederbezogener H-Anh\u00e4nger aus Metall<br \/>\nMa\u00dfe: 28 x 26 x 11 cm<br \/>\nVerstellbarer, vielseitiger Schulterriemen<br \/>\nVerschluss: Magnetknopf<br \/>\nAbnehmbare Innentasche \/ Pochette<br \/>\nMetallf\u00fc\u00dfchen<\/p>\n","protected":false},"excerpt":{"rendered":"<p>Veredelt mit den typischen N\u00e4hten, die ein Maxi-H formen, pr\u00e4sentiert sich diese rechteckige Hobo-Tasche mit dem Hogan-Logo auf der Vorderseite und einem lederbezogenen H-Anh\u00e4nger aus Metall an der Seite. Aus&#8230;<\/p>\n","protected":false},"featured_media":6110,"template":"","meta":{"_acf_changed":false,"inline_featured_image":false},"product_brand":[202],"product_cat":[53,60,62,192],"product_tag":[183],"class_list":{"0":"post-6275","1":"product","2":"type-product","3":"status-publish","4":"has-post-thumbnail","6":"product_brand-hogan","7":"product_cat-damen","8":"product_cat-sale-deu","9":"product_cat-sale-damen","10":"product_cat-taschen-sale","11":"product_tag-hogan","13":"first","14":"instock","15":"sale","16":"shipping-taxable","17":"purchasable","18":"product-type-simple"},"acf":[],"_links":{"self":[{"href":"https:\/\/kuntnerforludovica.com\/de\/wp-json\/wp\/v2\/product\/6275","targetHints":{"allow":["GET"]}}],"collection":[{"href":"https:\/\/kuntnerforludovica.com\/de\/wp-json\/wp\/v2\/product"}],"about":[{"href":"https:\/\/kuntnerforludovica.com\/de\/wp-json\/wp\/v2\/types\/product"}],"wp:featuredmedia":[{"embeddable":true,"href":"https:\/\/kuntnerforludovica.com\/de\/wp-json\/wp\/v2\/media\/6110"}],"wp:attachment":[{"href":"https:\/\/kuntnerforludovica.com\/de\/wp-json\/wp\/v2\/media?parent=6275"}],"wp:term":[{"taxonomy":"product_brand","embeddable":true,"href":"https:\/\/kuntnerforludovica.com\/de\/wp-json\/wp\/v2\/product_brand?post=6275"},{"taxonomy":"product_cat","embeddable":true,"href":"https:\/\/kuntnerforludovica.com\/de\/wp-json\/wp\/v2\/product_cat?post=6275"},{"taxonomy":"product_tag","embeddable":true,"href":"https:\/\/kuntnerforludovica.com\/de\/wp-json\/wp\/v2\/product_tag?post=6275"}],"curies":[{"name":"wp","href":"https:\/\/api.w.org\/{rel}","templated":true}]}}