{"id":6268,"date":"2026-01-20T12:39:09","date_gmt":"2026-01-20T12:39:09","guid":{"rendered":"https:\/\/kuntnerforludovica.com\/prodotto\/hogan-wendeguertel-aus-beigem-wildleder-und-braunem-glattleder\/"},"modified":"2026-01-20T12:39:09","modified_gmt":"2026-01-20T12:39:09","slug":"hogan-wendeguertel-aus-beigem-wildleder-und-braunem-glattleder","status":"publish","type":"product","link":"https:\/\/kuntnerforludovica.com\/de\/prodotto\/hogan-wendeguertel-aus-beigem-wildleder-und-braunem-glattleder\/","title":{"rendered":"Hogan Wendeg\u00fcrtel aus beigem Wildleder und braunem Glattleder"},"content":{"rendered":"<p>G\u00fcrtel aus Wildleder mit Dornschlie\u00dfe. Ein vielseitiges und zeitloses Accessoire mit eingepr\u00e4gtem Hogan-Logo.<br \/>\nEinheitsgr\u00f6\u00dfe<br \/>\nWendbar<br \/>\nHerren-Wildlederg\u00fcrtel<br \/>\nMade in Italy<br \/>\nArtikel aus Wildleder gefertigt<br \/>\nG\u00fcrtelschlaufe aus Glattleder<br \/>\nMetall-Dornschlie\u00dfe<br \/>\nEingepr\u00e4gtes Hogan-Logo<br \/>\nH\u00f6he 3 cm<\/p>\n","protected":false},"excerpt":{"rendered":"<p>G\u00fcrtel aus Wildleder mit Dornschlie\u00dfe. Ein vielseitiges und zeitloses Accessoire mit eingepr\u00e4gtem Hogan-Logo. Einheitsgr\u00f6\u00dfe Wendbar Herren-Wildlederg\u00fcrtel Made in Italy Artikel aus Wildleder gefertigt G\u00fcrtelschlaufe aus Glattleder Metall-Dornschlie\u00dfe Eingepr\u00e4gtes Hogan-Logo H\u00f6he&#8230;<\/p>\n","protected":false},"featured_media":6236,"template":"","meta":{"_acf_changed":false,"inline_featured_image":false},"product_brand":[],"product_cat":[153,201,156,66,60,64],"product_tag":[183],"class_list":{"0":"post-6268","1":"product","2":"type-product","3":"status-publish","4":"has-post-thumbnail","6":"product_cat-accessoires-herren","7":"product_cat-accessories-sale","8":"product_cat-guertel-herren","9":"product_cat-herren","10":"product_cat-sale-deu","11":"product_cat-sale-herren","12":"product_tag-hogan","14":"first","15":"instock","16":"sale","17":"shipping-taxable","18":"purchasable","19":"product-type-simple"},"acf":[],"_links":{"self":[{"href":"https:\/\/kuntnerforludovica.com\/de\/wp-json\/wp\/v2\/product\/6268","targetHints":{"allow":["GET"]}}],"collection":[{"href":"https:\/\/kuntnerforludovica.com\/de\/wp-json\/wp\/v2\/product"}],"about":[{"href":"https:\/\/kuntnerforludovica.com\/de\/wp-json\/wp\/v2\/types\/product"}],"wp:featuredmedia":[{"embeddable":true,"href":"https:\/\/kuntnerforludovica.com\/de\/wp-json\/wp\/v2\/media\/6236"}],"wp:attachment":[{"href":"https:\/\/kuntnerforludovica.com\/de\/wp-json\/wp\/v2\/media?parent=6268"}],"wp:term":[{"taxonomy":"product_brand","embeddable":true,"href":"https:\/\/kuntnerforludovica.com\/de\/wp-json\/wp\/v2\/product_brand?post=6268"},{"taxonomy":"product_cat","embeddable":true,"href":"https:\/\/kuntnerforludovica.com\/de\/wp-json\/wp\/v2\/product_cat?post=6268"},{"taxonomy":"product_tag","embeddable":true,"href":"https:\/\/kuntnerforludovica.com\/de\/wp-json\/wp\/v2\/product_tag?post=6268"}],"curies":[{"name":"wp","href":"https:\/\/api.w.org\/{rel}","templated":true}]}}