{"id":6211,"date":"2026-01-20T11:14:45","date_gmt":"2026-01-20T11:14:45","guid":{"rendered":"https:\/\/kuntnerforludovica.com\/prodotto\/hogan-hocket-mini-beuteltasche-in-beige\/"},"modified":"2026-01-20T11:14:45","modified_gmt":"2026-01-20T11:14:45","slug":"hogan-hocket-mini-beuteltasche-in-beige","status":"publish","type":"product","link":"https:\/\/kuntnerforludovica.com\/de\/prodotto\/hogan-hocket-mini-beuteltasche-in-beige\/","title":{"rendered":"Hogan Hocket Mini Beuteltasche in Beige"},"content":{"rendered":"<p>Diese Mini-Beuteltasche aus Veloursleder mit Krokopr\u00e4gung ist mit einem gepr\u00e4gten Hogan-Logo auf der Vorderseite versehen. Ein seitlich angebrachter H-Anh\u00e4nger aus Metall verleiht dem Modell einen edlen Akzent. Sie l\u00e4sst sich vielseitig tragen \u2013 crossbody, \u00fcber der Schulter oder in der Hand. Ein Design mit immer neuem Twist, geschlossen durch einen Kordelzug mit personalisierten Anh\u00e4ngern.<\/p>\n<p>Damen-Beuteltasche<br \/>\nVeloursleder mit Krokopr\u00e4gung<br \/>\nDetails aus Glattleder<br \/>\nGepr\u00e4gtes Hogan-Logo auf der Vorderseite<br \/>\nAnh\u00e4nger mit H-Charm aus Metall<br \/>\nMa\u00dfe: 18,5 x 17 x 15,5 cm<br \/>\nVerstellbarer, vielseitiger Schulterriemen aus Glattleder<br \/>\nVerschluss mit Magnetknopf<br \/>\nKordelzug aus Glattleder mit personalisierten Anh\u00e4ngern<br \/>\nMetallf\u00fc\u00dfchen<\/p>\n","protected":false},"excerpt":{"rendered":"<p>Diese Mini-Beuteltasche aus Veloursleder mit Krokopr\u00e4gung ist mit einem gepr\u00e4gten Hogan-Logo auf der Vorderseite versehen. Ein seitlich angebrachter H-Anh\u00e4nger aus Metall verleiht dem Modell einen edlen Akzent. Sie l\u00e4sst sich&#8230;<\/p>\n","protected":false},"featured_media":6098,"template":"","meta":{"_acf_changed":false,"inline_featured_image":false},"product_brand":[202],"product_cat":[53,60,62,192],"product_tag":[183],"class_list":{"0":"post-6211","1":"product","2":"type-product","3":"status-publish","4":"has-post-thumbnail","6":"product_brand-hogan","7":"product_cat-damen","8":"product_cat-sale-deu","9":"product_cat-sale-damen","10":"product_cat-taschen-sale","11":"product_tag-hogan","13":"first","14":"instock","15":"sale","16":"shipping-taxable","17":"purchasable","18":"product-type-simple"},"acf":[],"_links":{"self":[{"href":"https:\/\/kuntnerforludovica.com\/de\/wp-json\/wp\/v2\/product\/6211","targetHints":{"allow":["GET"]}}],"collection":[{"href":"https:\/\/kuntnerforludovica.com\/de\/wp-json\/wp\/v2\/product"}],"about":[{"href":"https:\/\/kuntnerforludovica.com\/de\/wp-json\/wp\/v2\/types\/product"}],"wp:featuredmedia":[{"embeddable":true,"href":"https:\/\/kuntnerforludovica.com\/de\/wp-json\/wp\/v2\/media\/6098"}],"wp:attachment":[{"href":"https:\/\/kuntnerforludovica.com\/de\/wp-json\/wp\/v2\/media?parent=6211"}],"wp:term":[{"taxonomy":"product_brand","embeddable":true,"href":"https:\/\/kuntnerforludovica.com\/de\/wp-json\/wp\/v2\/product_brand?post=6211"},{"taxonomy":"product_cat","embeddable":true,"href":"https:\/\/kuntnerforludovica.com\/de\/wp-json\/wp\/v2\/product_cat?post=6211"},{"taxonomy":"product_tag","embeddable":true,"href":"https:\/\/kuntnerforludovica.com\/de\/wp-json\/wp\/v2\/product_tag?post=6211"}],"curies":[{"name":"wp","href":"https:\/\/api.w.org\/{rel}","templated":true}]}}