{"id":6161,"date":"2026-01-20T10:29:52","date_gmt":"2026-01-20T10:29:52","guid":{"rendered":"https:\/\/kuntnerforludovica.com\/prodotto\/hogan-mini-shopping-bag-in-taupe\/"},"modified":"2026-01-20T10:29:52","modified_gmt":"2026-01-20T10:29:52","slug":"hogan-mini-shopping-bag-in-taupe","status":"publish","type":"product","link":"https:\/\/kuntnerforludovica.com\/de\/prodotto\/hogan-mini-shopping-bag-in-taupe\/","title":{"rendered":"Hogan Mini Shopping Bag in Taupe"},"content":{"rendered":"<p>Diese ungef\u00fctterte Mini-Shoppingtasche aus genarbtem Leder verf\u00fcgt \u00fcber zwei Tragegriffe sowie einen abnehmbaren Schulterriemen. Der Innenraum ist in zwei F\u00e4cher unterteilt, getrennt durch eine flache Mitteltasche mit Kartenf\u00e4chern. Ein elegantes und funktionales Modell mit gepr\u00e4gtem Hogan-Logo und metallischem H-Fob-Anh\u00e4nger.<\/p>\n<p>Hogan Damen Mini-Shoppingtasche<br \/>\nGenarbtes Leder<br \/>\nGepr\u00e4gtes Hogan-Logo<br \/>\nBeschichteter H-Fob-Anh\u00e4nger aus Metall<br \/>\nMitteltasche mit Kartenf\u00e4chern<br \/>\nMa\u00dfe: 16 x 18 x 9 cm<br \/>\nDoppelte Tragegriffe<br \/>\nVerstellbarer und abnehmbarer Schulterriemen<\/p>\n","protected":false},"excerpt":{"rendered":"<p>Diese ungef\u00fctterte Mini-Shoppingtasche aus genarbtem Leder verf\u00fcgt \u00fcber zwei Tragegriffe sowie einen abnehmbaren Schulterriemen. Der Innenraum ist in zwei F\u00e4cher unterteilt, getrennt durch eine flache Mitteltasche mit Kartenf\u00e4chern. Ein elegantes&#8230;<\/p>\n","protected":false},"featured_media":5990,"template":"","meta":{"_acf_changed":false,"inline_featured_image":false},"product_brand":[],"product_cat":[53,60,62,192],"product_tag":[183],"class_list":{"0":"post-6161","1":"product","2":"type-product","3":"status-publish","4":"has-post-thumbnail","6":"product_cat-damen","7":"product_cat-sale-deu","8":"product_cat-sale-damen","9":"product_cat-taschen-sale","10":"product_tag-hogan","12":"first","13":"instock","14":"sale","15":"shipping-taxable","16":"purchasable","17":"product-type-simple"},"acf":[],"_links":{"self":[{"href":"https:\/\/kuntnerforludovica.com\/de\/wp-json\/wp\/v2\/product\/6161","targetHints":{"allow":["GET"]}}],"collection":[{"href":"https:\/\/kuntnerforludovica.com\/de\/wp-json\/wp\/v2\/product"}],"about":[{"href":"https:\/\/kuntnerforludovica.com\/de\/wp-json\/wp\/v2\/types\/product"}],"wp:featuredmedia":[{"embeddable":true,"href":"https:\/\/kuntnerforludovica.com\/de\/wp-json\/wp\/v2\/media\/5990"}],"wp:attachment":[{"href":"https:\/\/kuntnerforludovica.com\/de\/wp-json\/wp\/v2\/media?parent=6161"}],"wp:term":[{"taxonomy":"product_brand","embeddable":true,"href":"https:\/\/kuntnerforludovica.com\/de\/wp-json\/wp\/v2\/product_brand?post=6161"},{"taxonomy":"product_cat","embeddable":true,"href":"https:\/\/kuntnerforludovica.com\/de\/wp-json\/wp\/v2\/product_cat?post=6161"},{"taxonomy":"product_tag","embeddable":true,"href":"https:\/\/kuntnerforludovica.com\/de\/wp-json\/wp\/v2\/product_tag?post=6161"}],"curies":[{"name":"wp","href":"https:\/\/api.w.org\/{rel}","templated":true}]}}