{"id":5671,"date":"2026-01-14T11:49:19","date_gmt":"2026-01-14T11:49:19","guid":{"rendered":"https:\/\/kuntnerforludovica.com\/prodotto\/tods-guertel-aus-leder-blau\/"},"modified":"2026-01-20T09:53:28","modified_gmt":"2026-01-20T09:53:28","slug":"tods-guertel-aus-leder-blau","status":"publish","type":"product","link":"https:\/\/kuntnerforludovica.com\/de\/prodotto\/tods-guertel-aus-leder-blau\/","title":{"rendered":"Tod&#8217;s G\u00fcrtel aus Leder Blau"},"content":{"rendered":"<p>G\u00fcrtel aus feinem Leder mit Metallschnalle.<br \/>\nMade in Italy<br \/>\nG\u00fcrtel von Tod&#8217;s f\u00fcr Herren<br \/>\nMaterial: Leder<br \/>\nMetallschnalle<br \/>\nG\u00fcrtelbreite: 3,5 cm<\/p>\n","protected":false},"excerpt":{"rendered":"<p>G\u00fcrtel aus feinem Leder mit Metallschnalle. Made in Italy G\u00fcrtel von Tod&#8217;s f\u00fcr Herren Material: Leder Metallschnalle G\u00fcrtelbreite: 3,5 cm<\/p>\n","protected":false},"featured_media":3338,"template":"","meta":{"_acf_changed":false,"inline_featured_image":false},"product_brand":[203],"product_cat":[153,201,156,66,60,64],"product_tag":[209],"class_list":{"0":"post-5671","1":"product","2":"type-product","3":"status-publish","4":"has-post-thumbnail","6":"product_brand-tods","7":"product_cat-accessoires-herren","8":"product_cat-accessories-sale","9":"product_cat-guertel-herren","10":"product_cat-herren","11":"product_cat-sale-deu","12":"product_cat-sale-herren","13":"product_tag-tods-2","15":"first","16":"instock","17":"sale","18":"shipping-taxable","19":"purchasable","20":"product-type-variable"},"acf":[],"_links":{"self":[{"href":"https:\/\/kuntnerforludovica.com\/de\/wp-json\/wp\/v2\/product\/5671","targetHints":{"allow":["GET"]}}],"collection":[{"href":"https:\/\/kuntnerforludovica.com\/de\/wp-json\/wp\/v2\/product"}],"about":[{"href":"https:\/\/kuntnerforludovica.com\/de\/wp-json\/wp\/v2\/types\/product"}],"wp:featuredmedia":[{"embeddable":true,"href":"https:\/\/kuntnerforludovica.com\/de\/wp-json\/wp\/v2\/media\/3338"}],"wp:attachment":[{"href":"https:\/\/kuntnerforludovica.com\/de\/wp-json\/wp\/v2\/media?parent=5671"}],"wp:term":[{"taxonomy":"product_brand","embeddable":true,"href":"https:\/\/kuntnerforludovica.com\/de\/wp-json\/wp\/v2\/product_brand?post=5671"},{"taxonomy":"product_cat","embeddable":true,"href":"https:\/\/kuntnerforludovica.com\/de\/wp-json\/wp\/v2\/product_cat?post=5671"},{"taxonomy":"product_tag","embeddable":true,"href":"https:\/\/kuntnerforludovica.com\/de\/wp-json\/wp\/v2\/product_tag?post=5671"}],"curies":[{"name":"wp","href":"https:\/\/api.w.org\/{rel}","templated":true}]}}