{"id":5531,"date":"2026-01-13T14:58:17","date_gmt":"2026-01-13T14:58:17","guid":{"rendered":"https:\/\/kuntnerforludovica.com\/prodotto\/hogan-tasche-hobo-mini-rot\/"},"modified":"2026-01-20T09:50:06","modified_gmt":"2026-01-20T09:50:06","slug":"hogan-tasche-hobo-mini-rot","status":"publish","type":"product","link":"https:\/\/kuntnerforludovica.com\/de\/prodotto\/hogan-tasche-hobo-mini-rot\/","title":{"rendered":"Hogan Tasche Hobo Mini Rot"},"content":{"rendered":"<p>Cool und feminin: Diese runde Mini-Tasche mit seitlichen Logos ist aus glattem Leder gefertigt. Mit Rei\u00dfverschluss, festem gepolstertem Henkel sowie verstellbarem und abnehmbarem Schulterriemen f\u00fcr vielseitige Tragem\u00f6glichkeiten.<br \/>\nRunde Mini-Tasche<br \/>\nArtikel aus glattem Leder<br \/>\nSeitliches Hogan-Logo<br \/>\nRei\u00dfverschluss<br \/>\nMa\u00dfe: 23 x 23 x 9 cm, fester Henkel, verstellbarer und abnehmbarer Schulterriemen<\/p>\n","protected":false},"excerpt":{"rendered":"<p>Cool und feminin: Diese runde Mini-Tasche mit seitlichen Logos ist aus glattem Leder gefertigt. Mit Rei\u00dfverschluss, festem gepolstertem Henkel sowie verstellbarem und abnehmbarem Schulterriemen f\u00fcr vielseitige Tragem\u00f6glichkeiten. Runde Mini-Tasche Artikel&#8230;<\/p>\n","protected":false},"featured_media":5527,"template":"","meta":{"_acf_changed":false,"inline_featured_image":false},"product_brand":[202],"product_cat":[53,60,62,192],"product_tag":[183],"class_list":{"0":"post-5531","1":"product","2":"type-product","3":"status-publish","4":"has-post-thumbnail","6":"product_brand-hogan","7":"product_cat-damen","8":"product_cat-sale-deu","9":"product_cat-sale-damen","10":"product_cat-taschen-sale","11":"product_tag-hogan","13":"first","14":"instock","15":"sale","16":"shipping-taxable","17":"purchasable","18":"product-type-simple"},"acf":[],"_links":{"self":[{"href":"https:\/\/kuntnerforludovica.com\/de\/wp-json\/wp\/v2\/product\/5531","targetHints":{"allow":["GET"]}}],"collection":[{"href":"https:\/\/kuntnerforludovica.com\/de\/wp-json\/wp\/v2\/product"}],"about":[{"href":"https:\/\/kuntnerforludovica.com\/de\/wp-json\/wp\/v2\/types\/product"}],"wp:featuredmedia":[{"embeddable":true,"href":"https:\/\/kuntnerforludovica.com\/de\/wp-json\/wp\/v2\/media\/5527"}],"wp:attachment":[{"href":"https:\/\/kuntnerforludovica.com\/de\/wp-json\/wp\/v2\/media?parent=5531"}],"wp:term":[{"taxonomy":"product_brand","embeddable":true,"href":"https:\/\/kuntnerforludovica.com\/de\/wp-json\/wp\/v2\/product_brand?post=5531"},{"taxonomy":"product_cat","embeddable":true,"href":"https:\/\/kuntnerforludovica.com\/de\/wp-json\/wp\/v2\/product_cat?post=5531"},{"taxonomy":"product_tag","embeddable":true,"href":"https:\/\/kuntnerforludovica.com\/de\/wp-json\/wp\/v2\/product_tag?post=5531"}],"curies":[{"name":"wp","href":"https:\/\/api.w.org\/{rel}","templated":true}]}}