{"id":4890,"date":"2026-01-08T16:27:31","date_gmt":"2026-01-08T16:27:31","guid":{"rendered":"https:\/\/kuntnerforludovica.com\/prodotto\/hogan-basket-sneakers-aus-weissem-und-schwarzem-leder\/"},"modified":"2026-01-20T09:50:37","modified_gmt":"2026-01-20T09:50:37","slug":"hogan-basket-sneakers-aus-weissem-und-schwarzem-leder","status":"publish","type":"product","link":"https:\/\/kuntnerforludovica.com\/de\/prodotto\/hogan-basket-sneakers-aus-weissem-und-schwarzem-leder\/","title":{"rendered":"Hogan Basket-Sneakers aus wei\u00dfem und schwarzem Leder"},"content":{"rendered":"<p>Die Hogan H630 vereint basketball-inspirierte Linien mit dem Hogan-Stil, mit Obermaterial aus Nappa- und Glattleder, verl\u00e4ngertem H an der Ferse, extraleichter EVA-Sohle mit HGN86-Logo und schattierten Rillen, erg\u00e4nzt durch eine Memory-Foam-Innensohle f\u00fcr Komfort und D\u00e4mpfung.<\/p>\n","protected":false},"excerpt":{"rendered":"<p>Die Hogan H630 vereint basketball-inspirierte Linien mit dem Hogan-Stil, mit Obermaterial aus Nappa- und Glattleder, verl\u00e4ngertem H an der Ferse, extraleichter EVA-Sohle mit HGN86-Logo und schattierten Rillen, erg\u00e4nzt durch eine&#8230;<\/p>\n","protected":false},"featured_media":1894,"template":"","meta":{"_acf_changed":false,"inline_featured_image":false},"product_brand":[202],"product_cat":[53,60,62,189],"product_tag":[183],"class_list":{"0":"post-4890","1":"product","2":"type-product","3":"status-publish","4":"has-post-thumbnail","6":"product_brand-hogan","7":"product_cat-damen","8":"product_cat-sale-deu","9":"product_cat-sale-damen","10":"product_cat-schuhe-sale","11":"product_tag-hogan","13":"first","14":"instock","15":"sale","16":"shipping-taxable","17":"purchasable","18":"product-type-variable"},"acf":[],"_links":{"self":[{"href":"https:\/\/kuntnerforludovica.com\/de\/wp-json\/wp\/v2\/product\/4890","targetHints":{"allow":["GET"]}}],"collection":[{"href":"https:\/\/kuntnerforludovica.com\/de\/wp-json\/wp\/v2\/product"}],"about":[{"href":"https:\/\/kuntnerforludovica.com\/de\/wp-json\/wp\/v2\/types\/product"}],"wp:featuredmedia":[{"embeddable":true,"href":"https:\/\/kuntnerforludovica.com\/de\/wp-json\/wp\/v2\/media\/1894"}],"wp:attachment":[{"href":"https:\/\/kuntnerforludovica.com\/de\/wp-json\/wp\/v2\/media?parent=4890"}],"wp:term":[{"taxonomy":"product_brand","embeddable":true,"href":"https:\/\/kuntnerforludovica.com\/de\/wp-json\/wp\/v2\/product_brand?post=4890"},{"taxonomy":"product_cat","embeddable":true,"href":"https:\/\/kuntnerforludovica.com\/de\/wp-json\/wp\/v2\/product_cat?post=4890"},{"taxonomy":"product_tag","embeddable":true,"href":"https:\/\/kuntnerforludovica.com\/de\/wp-json\/wp\/v2\/product_tag?post=4890"}],"curies":[{"name":"wp","href":"https:\/\/api.w.org\/{rel}","templated":true}]}}