{"id":4840,"date":"2026-01-08T15:30:28","date_gmt":"2026-01-08T15:30:28","guid":{"rendered":"https:\/\/kuntnerforludovica.com\/prodotto\/hogan-tasche-hobo-medium-beige\/"},"modified":"2026-01-20T09:50:38","modified_gmt":"2026-01-20T09:50:38","slug":"hogan-tasche-hobo-medium-beige","status":"publish","type":"product","link":"https:\/\/kuntnerforludovica.com\/de\/prodotto\/hogan-tasche-hobo-medium-beige\/","title":{"rendered":"Hogan Tasche Hobo Medium Beige"},"content":{"rendered":"<p>Diese rechteckige Hobo-Tasche ist mit den charakteristischen N\u00e4hten versehen, die eine Maxi-H-Form zeichnen. Sie verf\u00fcgt \u00fcber ein gepr\u00e4gtes Hogan-Logo auf der Vorderseite sowie einen lederbezogenen H-Metallanh\u00e4nger an der Seite und eine praktische Innenpochette. Aus weichem Leder gefertigt, l\u00e4sst sie sich vielseitig tragen: als Crossbody, klassisch \u00fcber der Schulter, diagonal mit Bucket-Effekt oder in der Hand.<br \/>\nMa\u00dfe: 41 \u00d7 32,5 \u00d7 14,5 cm<br \/>\nVerstellbarer, vielseitiger Schulterriemen<br \/>\nVerschluss mit Magnetknopf<br \/>\nHerausnehmbare Innenpochette<br \/>\nMetallf\u00fc\u00dfchen<\/p>\n","protected":false},"excerpt":{"rendered":"<p>Diese rechteckige Hobo-Tasche ist mit den charakteristischen N\u00e4hten versehen, die eine Maxi-H-Form zeichnen. Sie verf\u00fcgt \u00fcber ein gepr\u00e4gtes Hogan-Logo auf der Vorderseite sowie einen lederbezogenen H-Metallanh\u00e4nger an der Seite und&#8230;<\/p>\n","protected":false},"featured_media":4826,"template":"","meta":{"_acf_changed":false,"inline_featured_image":false},"product_brand":[202],"product_cat":[53,60,62,192],"product_tag":[183],"class_list":{"0":"post-4840","1":"product","2":"type-product","3":"status-publish","4":"has-post-thumbnail","6":"product_brand-hogan","7":"product_cat-damen","8":"product_cat-sale-deu","9":"product_cat-sale-damen","10":"product_cat-taschen-sale","11":"product_tag-hogan","13":"first","14":"instock","15":"sale","16":"shipping-taxable","17":"purchasable","18":"product-type-simple"},"acf":[],"_links":{"self":[{"href":"https:\/\/kuntnerforludovica.com\/de\/wp-json\/wp\/v2\/product\/4840","targetHints":{"allow":["GET"]}}],"collection":[{"href":"https:\/\/kuntnerforludovica.com\/de\/wp-json\/wp\/v2\/product"}],"about":[{"href":"https:\/\/kuntnerforludovica.com\/de\/wp-json\/wp\/v2\/types\/product"}],"wp:featuredmedia":[{"embeddable":true,"href":"https:\/\/kuntnerforludovica.com\/de\/wp-json\/wp\/v2\/media\/4826"}],"wp:attachment":[{"href":"https:\/\/kuntnerforludovica.com\/de\/wp-json\/wp\/v2\/media?parent=4840"}],"wp:term":[{"taxonomy":"product_brand","embeddable":true,"href":"https:\/\/kuntnerforludovica.com\/de\/wp-json\/wp\/v2\/product_brand?post=4840"},{"taxonomy":"product_cat","embeddable":true,"href":"https:\/\/kuntnerforludovica.com\/de\/wp-json\/wp\/v2\/product_cat?post=4840"},{"taxonomy":"product_tag","embeddable":true,"href":"https:\/\/kuntnerforludovica.com\/de\/wp-json\/wp\/v2\/product_tag?post=4840"}],"curies":[{"name":"wp","href":"https:\/\/api.w.org\/{rel}","templated":true}]}}