{"id":16805,"date":"2026-04-07T15:12:39","date_gmt":"2026-04-07T15:12:39","guid":{"rendered":"https:\/\/kuntnerforludovica.com\/prodotto\/hogan-sandalen-flat-h685-hellblau\/"},"modified":"2026-04-07T15:12:39","modified_gmt":"2026-04-07T15:12:39","slug":"hogan-sandalen-flat-h685-hellblau","status":"publish","type":"product","link":"https:\/\/kuntnerforludovica.com\/de\/prodotto\/hogan-sandalen-flat-h685-hellblau\/","title":{"rendered":"Hogan Sandalen Flat H685 Hellblau"},"content":{"rendered":"<p>Die flachen Hogan H685 Sandalen zeichnen sich durch einen Riemen aus Wildleder aus, mit einem erhabenen H, das an die Taschen der Kollektion erinnert. Ausgestattet mit einer gepolsterten Innensohle, verf\u00fcgen sie \u00fcber eine leichte Gummisohle, die auf zwei Inseln aufgebaut ist. Ein Easy-Chic-Modell, das f\u00fcr eine entspannte Eleganz steht.<\/p>\n<p>Hogan H685 Damen-Flat-Sandalen<br \/>\nMade in Italy<br \/>\nObermaterial aus Wildleder<br \/>\nAufgesetztes H mit eingepr\u00e4gtem Hogan-Logo<br \/>\nWeiche, mit Leder bezogene Innensohle<br \/>\nGummisohle<br \/>\nGesamth\u00f6he 2 cm<\/p>\n<p>MOD. HXW6850GC20CR0U030<\/p>\n","protected":false},"excerpt":{"rendered":"<p>Die flachen Hogan H685 Sandalen zeichnen sich durch einen Riemen aus Wildleder aus, mit einem erhabenen H, das an die Taschen der Kollektion erinnert. Ausgestattet mit einer gepolsterten Innensohle, verf\u00fcgen&#8230;<\/p>\n","protected":false},"featured_media":16792,"template":"","meta":{"_acf_changed":false,"inline_featured_image":false},"product_brand":[],"product_cat":[53,81,77,87],"product_tag":[183],"class_list":{"0":"post-16805","1":"product","2":"type-product","3":"status-publish","4":"has-post-thumbnail","6":"product_cat-damen","7":"product_cat-pantoletten","8":"product_cat-sandalen-sabots","9":"product_cat-schuhe-damen","10":"product_tag-hogan","12":"first","13":"instock","14":"shipping-taxable","15":"purchasable","16":"product-type-variable"},"acf":[],"_links":{"self":[{"href":"https:\/\/kuntnerforludovica.com\/de\/wp-json\/wp\/v2\/product\/16805","targetHints":{"allow":["GET"]}}],"collection":[{"href":"https:\/\/kuntnerforludovica.com\/de\/wp-json\/wp\/v2\/product"}],"about":[{"href":"https:\/\/kuntnerforludovica.com\/de\/wp-json\/wp\/v2\/types\/product"}],"wp:featuredmedia":[{"embeddable":true,"href":"https:\/\/kuntnerforludovica.com\/de\/wp-json\/wp\/v2\/media\/16792"}],"wp:attachment":[{"href":"https:\/\/kuntnerforludovica.com\/de\/wp-json\/wp\/v2\/media?parent=16805"}],"wp:term":[{"taxonomy":"product_brand","embeddable":true,"href":"https:\/\/kuntnerforludovica.com\/de\/wp-json\/wp\/v2\/product_brand?post=16805"},{"taxonomy":"product_cat","embeddable":true,"href":"https:\/\/kuntnerforludovica.com\/de\/wp-json\/wp\/v2\/product_cat?post=16805"},{"taxonomy":"product_tag","embeddable":true,"href":"https:\/\/kuntnerforludovica.com\/de\/wp-json\/wp\/v2\/product_tag?post=16805"}],"curies":[{"name":"wp","href":"https:\/\/api.w.org\/{rel}","templated":true}]}}