{"id":16757,"date":"2026-04-07T14:50:36","date_gmt":"2026-04-07T14:50:36","guid":{"rendered":"https:\/\/kuntnerforludovica.com\/prodotto\/hogan-olympia-bootsschuhe-beige\/"},"modified":"2026-04-07T14:50:36","modified_gmt":"2026-04-07T14:50:36","slug":"hogan-olympia-bootsschuhe-beige","status":"publish","type":"product","link":"https:\/\/kuntnerforludovica.com\/de\/prodotto\/hogan-olympia-bootsschuhe-beige\/","title":{"rendered":"Hogan Olympia Bootsschuhe Beige"},"content":{"rendered":"<p>Ein schlanker, raffinierter und femininer Bootsschuh, kombiniert mit einer sportlichen Sohle, inspiriert vom Fu\u00dfball: Die Hogan Olympia entsteht aus einem Spiel der Kontraste. Aus Wildleder gefertigt, verf\u00fcgen diese Bootsschuhe \u00fcber die typische offen geschnittene Schn\u00fcrung und Zickzack-Details. Ein neues Damenmodell mit elegantem Touch, erg\u00e4nzt durch eine weiche 9 mm Memory-Foam-Innensohle.<\/p>\n<p>Hogan Olympia Damen-Bootsschuhe<br \/>\nMade in Italy<br \/>\nObermaterial aus Wildleder<br \/>\nLederschn\u00fcrung<br \/>\nHandgestickte Details<br \/>\n9 mm Memory-Foam-Innensohle<br \/>\nGummisohle<br \/>\nGesamth\u00f6he 3,2 cm<\/p>\n<p>MOD. HXW6930GA90BTMC023<\/p>\n","protected":false},"excerpt":{"rendered":"<p>Ein schlanker, raffinierter und femininer Bootsschuh, kombiniert mit einer sportlichen Sohle, inspiriert vom Fu\u00dfball: Die Hogan Olympia entsteht aus einem Spiel der Kontraste. Aus Wildleder gefertigt, verf\u00fcgen diese Bootsschuhe \u00fcber&#8230;<\/p>\n","protected":false},"featured_media":16747,"template":"","meta":{"_acf_changed":false,"inline_featured_image":false},"product_brand":[],"product_cat":[53,55,87],"product_tag":[183],"class_list":{"0":"post-16757","1":"product","2":"type-product","3":"status-publish","4":"has-post-thumbnail","6":"product_cat-damen","7":"product_cat-mokassins-damen","8":"product_cat-schuhe-damen","9":"product_tag-hogan","11":"first","12":"instock","13":"shipping-taxable","14":"purchasable","15":"product-type-variable"},"acf":[],"_links":{"self":[{"href":"https:\/\/kuntnerforludovica.com\/de\/wp-json\/wp\/v2\/product\/16757","targetHints":{"allow":["GET"]}}],"collection":[{"href":"https:\/\/kuntnerforludovica.com\/de\/wp-json\/wp\/v2\/product"}],"about":[{"href":"https:\/\/kuntnerforludovica.com\/de\/wp-json\/wp\/v2\/types\/product"}],"wp:featuredmedia":[{"embeddable":true,"href":"https:\/\/kuntnerforludovica.com\/de\/wp-json\/wp\/v2\/media\/16747"}],"wp:attachment":[{"href":"https:\/\/kuntnerforludovica.com\/de\/wp-json\/wp\/v2\/media?parent=16757"}],"wp:term":[{"taxonomy":"product_brand","embeddable":true,"href":"https:\/\/kuntnerforludovica.com\/de\/wp-json\/wp\/v2\/product_brand?post=16757"},{"taxonomy":"product_cat","embeddable":true,"href":"https:\/\/kuntnerforludovica.com\/de\/wp-json\/wp\/v2\/product_cat?post=16757"},{"taxonomy":"product_tag","embeddable":true,"href":"https:\/\/kuntnerforludovica.com\/de\/wp-json\/wp\/v2\/product_tag?post=16757"}],"curies":[{"name":"wp","href":"https:\/\/api.w.org\/{rel}","templated":true}]}}