{"id":16537,"date":"2026-04-07T12:27:34","date_gmt":"2026-04-07T12:27:34","guid":{"rendered":"https:\/\/kuntnerforludovica.com\/prodotto\/hogan-h-tv-sneakers-beige\/"},"modified":"2026-04-07T12:27:34","modified_gmt":"2026-04-07T12:27:34","slug":"hogan-h-tv-sneakers-beige","status":"publish","type":"product","link":"https:\/\/kuntnerforludovica.com\/de\/prodotto\/hogan-h-tv-sneakers-beige\/","title":{"rendered":"Hogan H-TV Sneakers Beige"},"content":{"rendered":"<p>Klare und definierte Linien, eine nostalgische R\u00fcckkehr zur Tech-Mode der 1980er Jahre ist die Inspirationsquelle f\u00fcr die Hogan H-TV Sneakers. Charakterisiert durch eine leichte Sohle und einen minimalistischen Stil, verf\u00fcgen sie \u00fcber ein Obermaterial, das an die Linien der Basketballwelt erinnert. Veredelt durch das seitlich ausgeschnittene H, werden sie hier in Wildleder und weichem Nappaleder angeboten. Die Memory-Foam-Innensohle sorgt f\u00fcr eine ged\u00e4mpfte Passform.<\/p>\n<p>Hogan H-TV Herren-Sneakers<br \/>\nObermaterial aus Wildleder<br \/>\nEins\u00e4tze aus Nappaleder<br \/>\nSeitlich ausgeschnittenes H<br \/>\n8 mm Memory-Foam-Innensohle<br \/>\nGummisohle<br \/>\nGesamth\u00f6he 3,5 cm<br \/>\nPflege- und Wartungshinweise enthalten<\/p>\n<p>MOD. HXM6680FZ00N1MC424<\/p>\n","protected":false},"excerpt":{"rendered":"<p>Klare und definierte Linien, eine nostalgische R\u00fcckkehr zur Tech-Mode der 1980er Jahre ist die Inspirationsquelle f\u00fcr die Hogan H-TV Sneakers. Charakterisiert durch eine leichte Sohle und einen minimalistischen Stil, verf\u00fcgen&#8230;<\/p>\n","protected":false},"featured_media":16526,"template":"","meta":{"_acf_changed":false,"inline_featured_image":false},"product_brand":[],"product_cat":[66,129,70],"product_tag":[183],"class_list":{"0":"post-16537","1":"product","2":"type-product","3":"status-publish","4":"has-post-thumbnail","6":"product_cat-herren","7":"product_cat-schuhe-herren","8":"product_cat-sneaker-herren","9":"product_tag-hogan","11":"first","12":"instock","13":"shipping-taxable","14":"purchasable","15":"product-type-variable"},"acf":[],"_links":{"self":[{"href":"https:\/\/kuntnerforludovica.com\/de\/wp-json\/wp\/v2\/product\/16537","targetHints":{"allow":["GET"]}}],"collection":[{"href":"https:\/\/kuntnerforludovica.com\/de\/wp-json\/wp\/v2\/product"}],"about":[{"href":"https:\/\/kuntnerforludovica.com\/de\/wp-json\/wp\/v2\/types\/product"}],"wp:featuredmedia":[{"embeddable":true,"href":"https:\/\/kuntnerforludovica.com\/de\/wp-json\/wp\/v2\/media\/16526"}],"wp:attachment":[{"href":"https:\/\/kuntnerforludovica.com\/de\/wp-json\/wp\/v2\/media?parent=16537"}],"wp:term":[{"taxonomy":"product_brand","embeddable":true,"href":"https:\/\/kuntnerforludovica.com\/de\/wp-json\/wp\/v2\/product_brand?post=16537"},{"taxonomy":"product_cat","embeddable":true,"href":"https:\/\/kuntnerforludovica.com\/de\/wp-json\/wp\/v2\/product_cat?post=16537"},{"taxonomy":"product_tag","embeddable":true,"href":"https:\/\/kuntnerforludovica.com\/de\/wp-json\/wp\/v2\/product_tag?post=16537"}],"curies":[{"name":"wp","href":"https:\/\/api.w.org\/{rel}","templated":true}]}}