{"id":15710,"date":"2026-03-14T10:14:51","date_gmt":"2026-03-14T10:14:51","guid":{"rendered":"https:\/\/kuntnerforludovica.com\/prodotto\/hogan-cool-sneakers-beige\/"},"modified":"2026-03-14T10:14:51","modified_gmt":"2026-03-14T10:14:51","slug":"hogan-cool-sneakers-beige","status":"publish","type":"product","link":"https:\/\/kuntnerforludovica.com\/de\/prodotto\/hogan-cool-sneakers-beige\/","title":{"rendered":"Hogan Cool Sneakers Beige"},"content":{"rendered":"<p>Eine perfekte Kombination aus Retro-Elementen und modernen Linien: Die Hogan Cool Sneakers zeichnen sich durch einen schlichten und eleganten Look aus. Mit gepolsterter Zunge gefertigt, besteht das Obermaterial aus Veloursleder mit einem gezackten seitlichen \u201eH\u201c aus Glattleder. Die Sohle greift das schr\u00e4ge Monogramm im Profil auf, w\u00e4hrend die Memory-Foam-Innensohle f\u00fcr ged\u00e4mpften Tragekomfort sorgt.<\/p>\n<p>Hogan Cool Damen-Sneakers<br \/>\nObermaterial aus Veloursleder<br \/>\nGezacktes seitliches \u201eH\u201c und Details aus Glattleder<br \/>\n8 mm Memory-Foam-Innensohle<br \/>\nGummisohle (TPU) im Cupsohlen-Design<br \/>\nGesamth\u00f6he: 3,2 cm<br \/>\nPflege- und Wartungshinweise enthalten<\/p>\n<p>Modell: HXW6470FY60UXH0SU<\/p>\n","protected":false},"excerpt":{"rendered":"<p>Eine perfekte Kombination aus Retro-Elementen und modernen Linien: Die Hogan Cool Sneakers zeichnen sich durch einen schlichten und eleganten Look aus. Mit gepolsterter Zunge gefertigt, besteht das Obermaterial aus Veloursleder&#8230;<\/p>\n","protected":false},"featured_media":15694,"template":"","meta":{"_acf_changed":false,"inline_featured_image":false},"product_brand":[],"product_cat":[53,87,57],"product_tag":[183],"class_list":{"0":"post-15710","1":"product","2":"type-product","3":"status-publish","4":"has-post-thumbnail","6":"product_cat-damen","7":"product_cat-schuhe-damen","8":"product_cat-sneaker-damen","9":"product_tag-hogan","11":"first","12":"instock","13":"shipping-taxable","14":"purchasable","15":"product-type-variable"},"acf":[],"_links":{"self":[{"href":"https:\/\/kuntnerforludovica.com\/de\/wp-json\/wp\/v2\/product\/15710","targetHints":{"allow":["GET"]}}],"collection":[{"href":"https:\/\/kuntnerforludovica.com\/de\/wp-json\/wp\/v2\/product"}],"about":[{"href":"https:\/\/kuntnerforludovica.com\/de\/wp-json\/wp\/v2\/types\/product"}],"wp:featuredmedia":[{"embeddable":true,"href":"https:\/\/kuntnerforludovica.com\/de\/wp-json\/wp\/v2\/media\/15694"}],"wp:attachment":[{"href":"https:\/\/kuntnerforludovica.com\/de\/wp-json\/wp\/v2\/media?parent=15710"}],"wp:term":[{"taxonomy":"product_brand","embeddable":true,"href":"https:\/\/kuntnerforludovica.com\/de\/wp-json\/wp\/v2\/product_brand?post=15710"},{"taxonomy":"product_cat","embeddable":true,"href":"https:\/\/kuntnerforludovica.com\/de\/wp-json\/wp\/v2\/product_cat?post=15710"},{"taxonomy":"product_tag","embeddable":true,"href":"https:\/\/kuntnerforludovica.com\/de\/wp-json\/wp\/v2\/product_tag?post=15710"}],"curies":[{"name":"wp","href":"https:\/\/api.w.org\/{rel}","templated":true}]}}