{"id":15657,"date":"2026-03-12T13:35:25","date_gmt":"2026-03-12T13:35:25","guid":{"rendered":"https:\/\/kuntnerforludovica.com\/prodotto\/hogan-interactive-sneakers-beige\/"},"modified":"2026-03-12T13:35:25","modified_gmt":"2026-03-12T13:35:25","slug":"hogan-interactive-sneakers-beige","status":"publish","type":"product","link":"https:\/\/kuntnerforludovica.com\/de\/prodotto\/hogan-interactive-sneakers-beige\/","title":{"rendered":"Hogan Interactive Sneakers Beige"},"content":{"rendered":"<p>Die Hogan Interactive ist eine zeitlose Ikone und seit 1997 ein Ausdruck von funktionalem und modernem Luxus. Mit ihrem eleganten Design und der leichten Sohle, die f\u00fcr zus\u00e4tzliche H\u00f6he und Dynamik sorgt, zeichnen sich diese edlen Sneakers aus Veloursleder und Crochet-Stoff durch ein seitliches H aus Glattleder aus. Perfekt f\u00fcr einen sporty-chic Look.<\/p>\n<p>Hogan Interactive Damen-Sneakers<br \/>\nMade in Italy<br \/>\nObermaterial aus Veloursleder<br \/>\nEins\u00e4tze aus Crochet-Stoff<br \/>\nSeitliches H aus Glattleder<br \/>\nHerausnehmbare Innensohle 1,2 cm<br \/>\nGummisohle<br \/>\nGesamth\u00f6he 5,7 cm<\/p>\n<p>Modell: HXW00N0GB80V190RWI<\/p>\n","protected":false},"excerpt":{"rendered":"<p>Die Hogan Interactive ist eine zeitlose Ikone und seit 1997 ein Ausdruck von funktionalem und modernem Luxus. Mit ihrem eleganten Design und der leichten Sohle, die f\u00fcr zus\u00e4tzliche H\u00f6he und&#8230;<\/p>\n","protected":false},"featured_media":15643,"template":"","meta":{"_acf_changed":false,"inline_featured_image":false},"product_brand":[202],"product_cat":[53,87,57],"product_tag":[183],"class_list":{"0":"post-15657","1":"product","2":"type-product","3":"status-publish","4":"has-post-thumbnail","6":"product_brand-hogan","7":"product_cat-damen","8":"product_cat-schuhe-damen","9":"product_cat-sneaker-damen","10":"product_tag-hogan","12":"first","13":"instock","14":"shipping-taxable","15":"purchasable","16":"product-type-variable"},"acf":[],"_links":{"self":[{"href":"https:\/\/kuntnerforludovica.com\/de\/wp-json\/wp\/v2\/product\/15657","targetHints":{"allow":["GET"]}}],"collection":[{"href":"https:\/\/kuntnerforludovica.com\/de\/wp-json\/wp\/v2\/product"}],"about":[{"href":"https:\/\/kuntnerforludovica.com\/de\/wp-json\/wp\/v2\/types\/product"}],"wp:featuredmedia":[{"embeddable":true,"href":"https:\/\/kuntnerforludovica.com\/de\/wp-json\/wp\/v2\/media\/15643"}],"wp:attachment":[{"href":"https:\/\/kuntnerforludovica.com\/de\/wp-json\/wp\/v2\/media?parent=15657"}],"wp:term":[{"taxonomy":"product_brand","embeddable":true,"href":"https:\/\/kuntnerforludovica.com\/de\/wp-json\/wp\/v2\/product_brand?post=15657"},{"taxonomy":"product_cat","embeddable":true,"href":"https:\/\/kuntnerforludovica.com\/de\/wp-json\/wp\/v2\/product_cat?post=15657"},{"taxonomy":"product_tag","embeddable":true,"href":"https:\/\/kuntnerforludovica.com\/de\/wp-json\/wp\/v2\/product_tag?post=15657"}],"curies":[{"name":"wp","href":"https:\/\/api.w.org\/{rel}","templated":true}]}}