{"id":15544,"date":"2026-03-10T10:45:23","date_gmt":"2026-03-10T10:45:23","guid":{"rendered":"https:\/\/kuntnerforludovica.com\/prodotto\/hogan-flat-sandalen-h685-braun\/"},"modified":"2026-03-10T10:45:23","modified_gmt":"2026-03-10T10:45:23","slug":"hogan-flat-sandalen-h685-braun","status":"publish","type":"product","link":"https:\/\/kuntnerforludovica.com\/de\/prodotto\/hogan-flat-sandalen-h685-braun\/","title":{"rendered":"Hogan Flat-Sandalen H685 Braun"},"content":{"rendered":"<p>Die flachen Sandalen Hogan H685 zeichnen sich durch einen Raffia-Riemen mit einem erhabenen H aus Leder aus, das an die Taschen der Kollektion erinnert. Ausgestattet mit einer gepolsterten Innensohle, die am Rand mit Ziern\u00e4hten versehen ist, verf\u00fcgen sie \u00fcber eine leichte Gummisohle, die auf zwei Inseln entwickelt ist. Ein Easy-Chic-Modell, das eine entspannte Eleganz interpretiert.<\/p>\n<p>Hogan H685 Flat-Sandalen f\u00fcr Damen<br \/>\nMade in Italy<br \/>\nObermaterial aus Leder und Raffia<br \/>\nAppliziertes H mit eingepr\u00e4gtem Hogan-Logo<br \/>\nWeiche, mit Leder bezogene Innensohle<br \/>\nGummisohle<br \/>\nGesamth\u00f6he 2 cm<\/p>\n<p>MOD. HXW6850GC40V3L0FG0<\/p>\n","protected":false},"excerpt":{"rendered":"<p>Die flachen Sandalen Hogan H685 zeichnen sich durch einen Raffia-Riemen mit einem erhabenen H aus Leder aus, das an die Taschen der Kollektion erinnert. Ausgestattet mit einer gepolsterten Innensohle, die&#8230;<\/p>\n","protected":false},"featured_media":15516,"template":"","meta":{"_acf_changed":false,"inline_featured_image":false},"product_brand":[],"product_cat":[53,81,87],"product_tag":[183],"class_list":{"0":"post-15544","1":"product","2":"type-product","3":"status-publish","4":"has-post-thumbnail","6":"product_cat-damen","7":"product_cat-pantoletten","8":"product_cat-schuhe-damen","9":"product_tag-hogan","11":"first","12":"instock","13":"shipping-taxable","14":"purchasable","15":"product-type-variable"},"acf":[],"_links":{"self":[{"href":"https:\/\/kuntnerforludovica.com\/de\/wp-json\/wp\/v2\/product\/15544","targetHints":{"allow":["GET"]}}],"collection":[{"href":"https:\/\/kuntnerforludovica.com\/de\/wp-json\/wp\/v2\/product"}],"about":[{"href":"https:\/\/kuntnerforludovica.com\/de\/wp-json\/wp\/v2\/types\/product"}],"wp:featuredmedia":[{"embeddable":true,"href":"https:\/\/kuntnerforludovica.com\/de\/wp-json\/wp\/v2\/media\/15516"}],"wp:attachment":[{"href":"https:\/\/kuntnerforludovica.com\/de\/wp-json\/wp\/v2\/media?parent=15544"}],"wp:term":[{"taxonomy":"product_brand","embeddable":true,"href":"https:\/\/kuntnerforludovica.com\/de\/wp-json\/wp\/v2\/product_brand?post=15544"},{"taxonomy":"product_cat","embeddable":true,"href":"https:\/\/kuntnerforludovica.com\/de\/wp-json\/wp\/v2\/product_cat?post=15544"},{"taxonomy":"product_tag","embeddable":true,"href":"https:\/\/kuntnerforludovica.com\/de\/wp-json\/wp\/v2\/product_tag?post=15544"}],"curies":[{"name":"wp","href":"https:\/\/api.w.org\/{rel}","templated":true}]}}