{"id":15411,"date":"2026-03-04T14:12:13","date_gmt":"2026-03-04T14:12:13","guid":{"rendered":"https:\/\/kuntnerforludovica.com\/prodotto\/hogan-crosswind-beige-mokassins\/"},"modified":"2026-03-04T14:12:13","modified_gmt":"2026-03-04T14:12:13","slug":"hogan-crosswind-beige-mokassins","status":"publish","type":"product","link":"https:\/\/kuntnerforludovica.com\/de\/prodotto\/hogan-crosswind-beige-mokassins\/","title":{"rendered":"Hogan Crosswind Beige Mokassins"},"content":{"rendered":"<p>Ein Damenmodell, inspiriert vom Skating, mit einer chunky Sohle im Kontrast zu einem schicken und l\u00e4ssigen Obermaterial. Mit einer Spange mit H-Charm versehen, sind diese Mokassins aus weichem Veloursleder gefertigt. Ein raffiniertes Erkennungsmerkmal ist das Micro-H-Muster, das die Textur der Gummisohle und der Laufsohle definiert. Die Memory-Foam-Innensohle sorgt f\u00fcr zus\u00e4tzlichen Komfort und D\u00e4mpfung.<\/p>\n<p>Hogan Crosswind Damenmokassins<br \/>\nMade in Italy<br \/>\nObermaterial aus Veloursleder<br \/>\nSpange mit H-Charm aus Metall<br \/>\nHandgefertigte N\u00e4hte<br \/>\n8 mm Memory-Foam-Innensohle<br \/>\nGummisohle<br \/>\nGesamth\u00f6he 5,6 cm<\/p>\n<p>MOD. HXW7050GB20BTMC600<\/p>\n","protected":false},"excerpt":{"rendered":"<p>Ein Damenmodell, inspiriert vom Skating, mit einer chunky Sohle im Kontrast zu einem schicken und l\u00e4ssigen Obermaterial. Mit einer Spange mit H-Charm versehen, sind diese Mokassins aus weichem Veloursleder gefertigt&#8230;.<\/p>\n","protected":false},"featured_media":15398,"template":"","meta":{"_acf_changed":false,"inline_featured_image":false},"product_brand":[],"product_cat":[53,55,87,57],"product_tag":[183],"class_list":{"0":"post-15411","1":"product","2":"type-product","3":"status-publish","4":"has-post-thumbnail","6":"product_cat-damen","7":"product_cat-mokassins-damen","8":"product_cat-schuhe-damen","9":"product_cat-sneaker-damen","10":"product_tag-hogan","12":"first","13":"instock","14":"shipping-taxable","15":"purchasable","16":"product-type-variable"},"acf":[],"_links":{"self":[{"href":"https:\/\/kuntnerforludovica.com\/de\/wp-json\/wp\/v2\/product\/15411","targetHints":{"allow":["GET"]}}],"collection":[{"href":"https:\/\/kuntnerforludovica.com\/de\/wp-json\/wp\/v2\/product"}],"about":[{"href":"https:\/\/kuntnerforludovica.com\/de\/wp-json\/wp\/v2\/types\/product"}],"wp:featuredmedia":[{"embeddable":true,"href":"https:\/\/kuntnerforludovica.com\/de\/wp-json\/wp\/v2\/media\/15398"}],"wp:attachment":[{"href":"https:\/\/kuntnerforludovica.com\/de\/wp-json\/wp\/v2\/media?parent=15411"}],"wp:term":[{"taxonomy":"product_brand","embeddable":true,"href":"https:\/\/kuntnerforludovica.com\/de\/wp-json\/wp\/v2\/product_brand?post=15411"},{"taxonomy":"product_cat","embeddable":true,"href":"https:\/\/kuntnerforludovica.com\/de\/wp-json\/wp\/v2\/product_cat?post=15411"},{"taxonomy":"product_tag","embeddable":true,"href":"https:\/\/kuntnerforludovica.com\/de\/wp-json\/wp\/v2\/product_tag?post=15411"}],"curies":[{"name":"wp","href":"https:\/\/api.w.org\/{rel}","templated":true}]}}