{"id":14992,"date":"2026-02-20T15:50:31","date_gmt":"2026-02-20T15:50:31","guid":{"rendered":"https:\/\/kuntnerforludovica.com\/prodotto\/hogan-olympia-braune-bootsschuhe\/"},"modified":"2026-02-20T15:50:31","modified_gmt":"2026-02-20T15:50:31","slug":"hogan-olympia-braune-bootsschuhe","status":"publish","type":"product","link":"https:\/\/kuntnerforludovica.com\/de\/prodotto\/hogan-olympia-braune-bootsschuhe\/","title":{"rendered":"Hogan Olympia Braune Bootsschuhe"},"content":{"rendered":"<p>Ein schlanker, raffinierter und femininer Bootsschuh, kombiniert mit einer sportlichen, vom Fu\u00dfball inspirierten Sohle: Die Hogan Olympia entstehen aus einem Spiel der Kontraste. Aus Veloursleder gefertigt, verf\u00fcgen diese Bootsschuhe \u00fcber die typische roh geschnittene Schn\u00fcrung und Zickzack-Details. Ein neues Damenmodell mit eleganter Note, erg\u00e4nzt durch eine weiche Memory-Foam-Innensohle.<\/p>\n<p>Hogan Olympia Damen-Bootsschuhe<br \/>\nMade in Italy<br \/>\nObermaterial aus Veloursleder<br \/>\nLederschn\u00fcrung<br \/>\nHandgefertigte N\u00e4hte<br \/>\n9 mm Memory-Foam-Innensohle<br \/>\nGummisohle<br \/>\nGesamth\u00f6he 3,2 cm<\/p>\n<p>MOD. HXW6930GA90BTMS600<\/p>\n","protected":false},"excerpt":{"rendered":"<p>Ein schlanker, raffinierter und femininer Bootsschuh, kombiniert mit einer sportlichen, vom Fu\u00dfball inspirierten Sohle: Die Hogan Olympia entstehen aus einem Spiel der Kontraste. Aus Veloursleder gefertigt, verf\u00fcgen diese Bootsschuhe \u00fcber&#8230;<\/p>\n","protected":false},"featured_media":14979,"template":"","meta":{"_acf_changed":false,"inline_featured_image":false},"product_brand":[],"product_cat":[53,55,87],"product_tag":[183],"class_list":{"0":"post-14992","1":"product","2":"type-product","3":"status-publish","4":"has-post-thumbnail","6":"product_cat-damen","7":"product_cat-mokassins-damen","8":"product_cat-schuhe-damen","9":"product_tag-hogan","11":"first","12":"instock","13":"shipping-taxable","14":"purchasable","15":"product-type-variable"},"acf":[],"_links":{"self":[{"href":"https:\/\/kuntnerforludovica.com\/de\/wp-json\/wp\/v2\/product\/14992","targetHints":{"allow":["GET"]}}],"collection":[{"href":"https:\/\/kuntnerforludovica.com\/de\/wp-json\/wp\/v2\/product"}],"about":[{"href":"https:\/\/kuntnerforludovica.com\/de\/wp-json\/wp\/v2\/types\/product"}],"wp:featuredmedia":[{"embeddable":true,"href":"https:\/\/kuntnerforludovica.com\/de\/wp-json\/wp\/v2\/media\/14979"}],"wp:attachment":[{"href":"https:\/\/kuntnerforludovica.com\/de\/wp-json\/wp\/v2\/media?parent=14992"}],"wp:term":[{"taxonomy":"product_brand","embeddable":true,"href":"https:\/\/kuntnerforludovica.com\/de\/wp-json\/wp\/v2\/product_brand?post=14992"},{"taxonomy":"product_cat","embeddable":true,"href":"https:\/\/kuntnerforludovica.com\/de\/wp-json\/wp\/v2\/product_cat?post=14992"},{"taxonomy":"product_tag","embeddable":true,"href":"https:\/\/kuntnerforludovica.com\/de\/wp-json\/wp\/v2\/product_tag?post=14992"}],"curies":[{"name":"wp","href":"https:\/\/api.w.org\/{rel}","templated":true}]}}