{"id":14599,"date":"2026-02-16T14:23:12","date_gmt":"2026-02-16T14:23:12","guid":{"rendered":"https:\/\/kuntnerforludovica.com\/prodotto\/hogan-sneakers-athletic-blau-braun\/"},"modified":"2026-02-16T14:23:12","modified_gmt":"2026-02-16T14:23:12","slug":"hogan-sneakers-athletic-blau-braun","status":"publish","type":"product","link":"https:\/\/kuntnerforludovica.com\/de\/prodotto\/hogan-sneakers-athletic-blau-braun\/","title":{"rendered":"Hogan Sneakers Athletic Blau Braun"},"content":{"rendered":"<p>Leicht und dynamisch, inspiriert von der Retro-Leichtathletik. Die Hogan Athletic Sneakers kombinieren ein besonders weiches Obermaterial mit einer Sohle im Vintage-Stil, mit H-f\u00f6rmigen Stollen auf der Laufsohle. Gefertigt aus Veloursleder und Textil, mit dem schr\u00e4gen H, das sich bis zur Ferse erstreckt, werden sie durch eine 8 mm Memory-Foam-Innensohle erg\u00e4nzt.<br \/>\nHogan Athletic Herren-Sneakers<br \/>\nMade in Italy<br \/>\nObermaterial aus Veloursleder<br \/>\nTextileins\u00e4tze<br \/>\nSeitliches H und Details aus Glattleder<br \/>\n8 mm Memory-Foam-Innensohle<br \/>\nGummisohle<br \/>\nGesamth\u00f6he 3,5 cm<br \/>\nMOD. HXM6990FZ90UZA793P<\/p>\n","protected":false},"excerpt":{"rendered":"<p>Leicht und dynamisch, inspiriert von der Retro-Leichtathletik. Die Hogan Athletic Sneakers kombinieren ein besonders weiches Obermaterial mit einer Sohle im Vintage-Stil, mit H-f\u00f6rmigen Stollen auf der Laufsohle. Gefertigt aus Veloursleder&#8230;<\/p>\n","protected":false},"featured_media":14585,"template":"","meta":{"_acf_changed":false,"inline_featured_image":false},"product_brand":[],"product_cat":[66,129,70],"product_tag":[183],"class_list":{"0":"post-14599","1":"product","2":"type-product","3":"status-publish","4":"has-post-thumbnail","6":"product_cat-herren","7":"product_cat-schuhe-herren","8":"product_cat-sneaker-herren","9":"product_tag-hogan","11":"first","12":"instock","13":"shipping-taxable","14":"purchasable","15":"product-type-variable"},"acf":[],"_links":{"self":[{"href":"https:\/\/kuntnerforludovica.com\/de\/wp-json\/wp\/v2\/product\/14599","targetHints":{"allow":["GET"]}}],"collection":[{"href":"https:\/\/kuntnerforludovica.com\/de\/wp-json\/wp\/v2\/product"}],"about":[{"href":"https:\/\/kuntnerforludovica.com\/de\/wp-json\/wp\/v2\/types\/product"}],"wp:featuredmedia":[{"embeddable":true,"href":"https:\/\/kuntnerforludovica.com\/de\/wp-json\/wp\/v2\/media\/14585"}],"wp:attachment":[{"href":"https:\/\/kuntnerforludovica.com\/de\/wp-json\/wp\/v2\/media?parent=14599"}],"wp:term":[{"taxonomy":"product_brand","embeddable":true,"href":"https:\/\/kuntnerforludovica.com\/de\/wp-json\/wp\/v2\/product_brand?post=14599"},{"taxonomy":"product_cat","embeddable":true,"href":"https:\/\/kuntnerforludovica.com\/de\/wp-json\/wp\/v2\/product_cat?post=14599"},{"taxonomy":"product_tag","embeddable":true,"href":"https:\/\/kuntnerforludovica.com\/de\/wp-json\/wp\/v2\/product_tag?post=14599"}],"curies":[{"name":"wp","href":"https:\/\/api.w.org\/{rel}","templated":true}]}}