{"id":14228,"date":"2026-02-10T09:38:59","date_gmt":"2026-02-10T09:38:59","guid":{"rendered":"https:\/\/kuntnerforludovica.com\/prodotto\/hogan-h580-sneaker-aus-hellblauem-und-elfenbeinfarbenem-leder\/"},"modified":"2026-02-10T09:38:59","modified_gmt":"2026-02-10T09:38:59","slug":"hogan-h580-sneaker-aus-hellblauem-und-elfenbeinfarbenem-leder","status":"publish","type":"product","link":"https:\/\/kuntnerforludovica.com\/de\/prodotto\/hogan-h580-sneaker-aus-hellblauem-und-elfenbeinfarbenem-leder\/","title":{"rendered":"Hogan H580 Sneaker aus hellblauem und elfenbeinfarbenem Leder"},"content":{"rendered":"<p>Die H580 Sneaker wurden unter Ber\u00fccksichtigung des Winds und seiner Fluidit\u00e4t entworfen und verf\u00fcgen \u00fcber harmonische Volumen sowie eine aerodynamische Sohle. Das Lederobermaterial mit sichtbarer Narbung und weichen, klaren Linien zeigt ein verl\u00e4ngertes H, das in einer Schn\u00fcr\u00f6se endet. Ein urbaner Casual-Stil mit einer Memory-Foam-Innensohle f\u00fcr ged\u00e4mpften Tragekomfort.<\/p>\n<p>Hogan H580 Herren-Sneaker<br \/>\nMade in Italy<br \/>\nObermaterial aus Leder<br \/>\nSeitliches H und Details aus Glattleder<br \/>\nMemory-Foam-Innensohle 8 mm<br \/>\nGummisohle<br \/>\nGesamth\u00f6he 4,5 cm<\/p>\n<p>MOD. HXM5800DV42UXS828D<\/p>\n","protected":false},"excerpt":{"rendered":"<p>Die H580 Sneaker wurden unter Ber\u00fccksichtigung des Winds und seiner Fluidit\u00e4t entworfen und verf\u00fcgen \u00fcber harmonische Volumen sowie eine aerodynamische Sohle. Das Lederobermaterial mit sichtbarer Narbung und weichen, klaren Linien&#8230;<\/p>\n","protected":false},"featured_media":14213,"template":"","meta":{"_acf_changed":false,"inline_featured_image":false},"product_brand":[],"product_cat":[66,129,70],"product_tag":[183],"class_list":{"0":"post-14228","1":"product","2":"type-product","3":"status-publish","4":"has-post-thumbnail","6":"product_cat-herren","7":"product_cat-schuhe-herren","8":"product_cat-sneaker-herren","9":"product_tag-hogan","11":"first","12":"instock","13":"shipping-taxable","14":"purchasable","15":"product-type-variable"},"acf":[],"_links":{"self":[{"href":"https:\/\/kuntnerforludovica.com\/de\/wp-json\/wp\/v2\/product\/14228","targetHints":{"allow":["GET"]}}],"collection":[{"href":"https:\/\/kuntnerforludovica.com\/de\/wp-json\/wp\/v2\/product"}],"about":[{"href":"https:\/\/kuntnerforludovica.com\/de\/wp-json\/wp\/v2\/types\/product"}],"wp:featuredmedia":[{"embeddable":true,"href":"https:\/\/kuntnerforludovica.com\/de\/wp-json\/wp\/v2\/media\/14213"}],"wp:attachment":[{"href":"https:\/\/kuntnerforludovica.com\/de\/wp-json\/wp\/v2\/media?parent=14228"}],"wp:term":[{"taxonomy":"product_brand","embeddable":true,"href":"https:\/\/kuntnerforludovica.com\/de\/wp-json\/wp\/v2\/product_brand?post=14228"},{"taxonomy":"product_cat","embeddable":true,"href":"https:\/\/kuntnerforludovica.com\/de\/wp-json\/wp\/v2\/product_cat?post=14228"},{"taxonomy":"product_tag","embeddable":true,"href":"https:\/\/kuntnerforludovica.com\/de\/wp-json\/wp\/v2\/product_tag?post=14228"}],"curies":[{"name":"wp","href":"https:\/\/api.w.org\/{rel}","templated":true}]}}