{"id":14091,"date":"2026-02-09T13:30:28","date_gmt":"2026-02-09T13:30:28","guid":{"rendered":"https:\/\/kuntnerforludovica.com\/prodotto\/hogan-h641-sneaker-aus-leder-in-weiss-und-silber\/"},"modified":"2026-02-09T13:30:28","modified_gmt":"2026-02-09T13:30:28","slug":"hogan-h641-sneaker-aus-leder-in-weiss-und-silber","status":"publish","type":"product","link":"https:\/\/kuntnerforludovica.com\/de\/prodotto\/hogan-h641-sneaker-aus-leder-in-weiss-und-silber\/","title":{"rendered":"Hogan H641 Sneaker aus Leder in Wei\u00df und Silber"},"content":{"rendered":"<p>Ein markanter Look und Retro-Ankl\u00e4nge vereinen sich in den Hogan H641. F\u00fcr optimalen Grip konzipiert, verf\u00fcgt die leichte Sohle \u00fcber ein Profil mit H-f\u00f6rmigen Noppen. Diese Sneaker haben ein Obermaterial aus Veloursleder mit Eins\u00e4tzen aus weichem Nappaleder und einem seitlichen H aus metallic Leder. Die Memory-Foam-Innensohle sorgt f\u00fcr ged\u00e4mpften Tragekomfort.<\/p>\n<p>Hogan H641 Damensneaker<br \/>\nMade in Italy<br \/>\nObermaterial aus Veloursleder<br \/>\nEins\u00e4tze aus Nappaleder<br \/>\nSeitliches H und Details aus metallic Leder<br \/>\n0,8 cm Memory-Foam-Innensohle<br \/>\nGummisohle<br \/>\nGesamth\u00f6he 5 cm<\/p>\n<p>MOD. HXW6410EH4PUNI0351<\/p>\n","protected":false},"excerpt":{"rendered":"<p>Ein markanter Look und Retro-Ankl\u00e4nge vereinen sich in den Hogan H641. F\u00fcr optimalen Grip konzipiert, verf\u00fcgt die leichte Sohle \u00fcber ein Profil mit H-f\u00f6rmigen Noppen. Diese Sneaker haben ein Obermaterial&#8230;<\/p>\n","protected":false},"featured_media":14075,"template":"","meta":{"_acf_changed":false,"inline_featured_image":false},"product_brand":[],"product_cat":[53,87,57],"product_tag":[183,184],"class_list":{"0":"post-14091","1":"product","2":"type-product","3":"status-publish","4":"has-post-thumbnail","6":"product_cat-damen","7":"product_cat-schuhe-damen","8":"product_cat-sneaker-damen","9":"product_tag-hogan","10":"product_tag-weiss","12":"first","13":"instock","14":"shipping-taxable","15":"purchasable","16":"product-type-variable"},"acf":[],"_links":{"self":[{"href":"https:\/\/kuntnerforludovica.com\/de\/wp-json\/wp\/v2\/product\/14091","targetHints":{"allow":["GET"]}}],"collection":[{"href":"https:\/\/kuntnerforludovica.com\/de\/wp-json\/wp\/v2\/product"}],"about":[{"href":"https:\/\/kuntnerforludovica.com\/de\/wp-json\/wp\/v2\/types\/product"}],"wp:featuredmedia":[{"embeddable":true,"href":"https:\/\/kuntnerforludovica.com\/de\/wp-json\/wp\/v2\/media\/14075"}],"wp:attachment":[{"href":"https:\/\/kuntnerforludovica.com\/de\/wp-json\/wp\/v2\/media?parent=14091"}],"wp:term":[{"taxonomy":"product_brand","embeddable":true,"href":"https:\/\/kuntnerforludovica.com\/de\/wp-json\/wp\/v2\/product_brand?post=14091"},{"taxonomy":"product_cat","embeddable":true,"href":"https:\/\/kuntnerforludovica.com\/de\/wp-json\/wp\/v2\/product_cat?post=14091"},{"taxonomy":"product_tag","embeddable":true,"href":"https:\/\/kuntnerforludovica.com\/de\/wp-json\/wp\/v2\/product_tag?post=14091"}],"curies":[{"name":"wp","href":"https:\/\/api.w.org\/{rel}","templated":true}]}}