{"id":13939,"date":"2026-02-09T11:30:06","date_gmt":"2026-02-09T11:30:06","guid":{"rendered":"https:\/\/kuntnerforludovica.com\/prodotto\/tods-schwarze-mini-tasche-aus-leder\/"},"modified":"2026-02-09T11:30:06","modified_gmt":"2026-02-09T11:30:06","slug":"tods-schwarze-mini-tasche-aus-leder","status":"publish","type":"product","link":"https:\/\/kuntnerforludovica.com\/de\/prodotto\/tods-schwarze-mini-tasche-aus-leder\/","title":{"rendered":"Tod\u2019s Schwarze Mini-Tasche aus Leder"},"content":{"rendered":"<p>Tasche aus weichem Leder mit markanter Narbung, mit eingepr\u00e4gtem Tod\u2019s-Logo auf der Vorderseite, flachen Henkeln und abnehmbarem Schulterriemen. Der Innenraum verf\u00fcgt \u00fcber drei F\u00e4cher, die durch zentrale Rei\u00dfverschlusstaschen getrennt sind. Eine elegante Kreation, veredelt durch unverwechselbare ikonische Details wie den T-Timeless-Anh\u00e4nger aus Metall und die charakteristische T-Steppung.<\/p>\n<p>Ma\u00dfe: B 29 cm x H 19,5 cm x T 18 cm<br \/>\nHenkelh\u00f6he: 15 cm<br \/>\nVerstellbarer und abnehmbarer Schulterriemen<br \/>\nMade in Italy<br \/>\nLedertasche<br \/>\nAus Leder gefertigt<br \/>\nTod\u2019s-Logo auf der Vorderseite gepr\u00e4gt<br \/>\nAbnehmbarer Anh\u00e4nger mit T-Timeless-Metallaccessoire<br \/>\nVerschluss mit Haken<br \/>\nInnenraum mit drei F\u00e4chern<br \/>\nZwei flache Innentaschen mit Rei\u00dfverschluss<\/p>\n<p>MOD. XBWAPAFL100QRIB999<\/p>\n","protected":false},"excerpt":{"rendered":"<p>Tasche aus weichem Leder mit markanter Narbung, mit eingepr\u00e4gtem Tod\u2019s-Logo auf der Vorderseite, flachen Henkeln und abnehmbarem Schulterriemen. Der Innenraum verf\u00fcgt \u00fcber drei F\u00e4cher, die durch zentrale Rei\u00dfverschlusstaschen getrennt sind&#8230;.<\/p>\n","protected":false},"featured_media":3512,"template":"","meta":{"_acf_changed":false,"inline_featured_image":false},"product_brand":[203],"product_cat":[53,105,99,96,102],"product_tag":[72,209],"class_list":{"0":"post-13939","1":"product","2":"type-product","3":"status-publish","4":"has-post-thumbnail","6":"product_brand-tods","7":"product_cat-damen","8":"product_cat-handtaschen","9":"product_cat-schultertaschen","10":"product_cat-taschen-damen","11":"product_cat-umhaengetaschen","12":"product_tag-schwarz","13":"product_tag-tods-2","15":"first","16":"instock","17":"shipping-taxable","18":"purchasable","19":"product-type-simple"},"acf":[],"_links":{"self":[{"href":"https:\/\/kuntnerforludovica.com\/de\/wp-json\/wp\/v2\/product\/13939","targetHints":{"allow":["GET"]}}],"collection":[{"href":"https:\/\/kuntnerforludovica.com\/de\/wp-json\/wp\/v2\/product"}],"about":[{"href":"https:\/\/kuntnerforludovica.com\/de\/wp-json\/wp\/v2\/types\/product"}],"wp:featuredmedia":[{"embeddable":true,"href":"https:\/\/kuntnerforludovica.com\/de\/wp-json\/wp\/v2\/media\/3512"}],"wp:attachment":[{"href":"https:\/\/kuntnerforludovica.com\/de\/wp-json\/wp\/v2\/media?parent=13939"}],"wp:term":[{"taxonomy":"product_brand","embeddable":true,"href":"https:\/\/kuntnerforludovica.com\/de\/wp-json\/wp\/v2\/product_brand?post=13939"},{"taxonomy":"product_cat","embeddable":true,"href":"https:\/\/kuntnerforludovica.com\/de\/wp-json\/wp\/v2\/product_cat?post=13939"},{"taxonomy":"product_tag","embeddable":true,"href":"https:\/\/kuntnerforludovica.com\/de\/wp-json\/wp\/v2\/product_tag?post=13939"}],"curies":[{"name":"wp","href":"https:\/\/api.w.org\/{rel}","templated":true}]}}