{"id":13903,"date":"2026-02-05T12:29:56","date_gmt":"2026-02-05T12:29:56","guid":{"rendered":"https:\/\/kuntnerforludovica.com\/prodotto\/hogan-h601-sneaker-blau-grau-rot\/"},"modified":"2026-02-05T12:35:17","modified_gmt":"2026-02-05T12:35:17","slug":"hogan-h601-sneaker-blau-grau-rot","status":"publish","type":"product","link":"https:\/\/kuntnerforludovica.com\/de\/prodotto\/hogan-h601-sneaker-blau-grau-rot\/","title":{"rendered":"Hogan H601 Sneaker Blau Grau Rot"},"content":{"rendered":"<p>Markanter Look und Retro-Inspirationen vereinen sich in den Hogan H601. Die leichte Sohle ist f\u00fcr optimalen Grip konzipiert und verf\u00fcgt \u00fcber ein Profil mit den typischen H-f\u00f6rmigen Noppen. Diese Sneaker haben ein Obermaterial aus Veloursleder und Nappaleder mit seitlichem H aus Glattleder. Die Memory-Foam-Innensohle sorgt f\u00fcr eine ged\u00e4mpfte Passform.<\/p>\n<p>Hogan H601 Herren-Sneaker<br \/>\nMade in Italy<br \/>\nObermaterial aus Veloursleder und Nappaleder<br \/>\nSeitliches H und Details aus Glattleder<br \/>\n8 mm Memory-Foam-Innensohle<br \/>\nGummisohle<br \/>\nGesamth\u00f6he 4,5 cm<\/p>\n<p>MOD. HXM6010EH41UXB826U<\/p>\n","protected":false},"excerpt":{"rendered":"<p>Markanter Look und Retro-Inspirationen vereinen sich in den Hogan H601. Die leichte Sohle ist f\u00fcr optimalen Grip konzipiert und verf\u00fcgt \u00fcber ein Profil mit den typischen H-f\u00f6rmigen Noppen. Diese Sneaker&#8230;<\/p>\n","protected":false},"featured_media":13888,"template":"","meta":{"_acf_changed":false,"inline_featured_image":false},"product_brand":[],"product_cat":[66,129,70],"product_tag":[183,184],"class_list":{"0":"post-13903","1":"product","2":"type-product","3":"status-publish","4":"has-post-thumbnail","6":"product_cat-herren","7":"product_cat-schuhe-herren","8":"product_cat-sneaker-herren","9":"product_tag-hogan","10":"product_tag-weiss","12":"first","13":"instock","14":"shipping-taxable","15":"purchasable","16":"product-type-variable"},"acf":[],"_links":{"self":[{"href":"https:\/\/kuntnerforludovica.com\/de\/wp-json\/wp\/v2\/product\/13903","targetHints":{"allow":["GET"]}}],"collection":[{"href":"https:\/\/kuntnerforludovica.com\/de\/wp-json\/wp\/v2\/product"}],"about":[{"href":"https:\/\/kuntnerforludovica.com\/de\/wp-json\/wp\/v2\/types\/product"}],"wp:featuredmedia":[{"embeddable":true,"href":"https:\/\/kuntnerforludovica.com\/de\/wp-json\/wp\/v2\/media\/13888"}],"wp:attachment":[{"href":"https:\/\/kuntnerforludovica.com\/de\/wp-json\/wp\/v2\/media?parent=13903"}],"wp:term":[{"taxonomy":"product_brand","embeddable":true,"href":"https:\/\/kuntnerforludovica.com\/de\/wp-json\/wp\/v2\/product_brand?post=13903"},{"taxonomy":"product_cat","embeddable":true,"href":"https:\/\/kuntnerforludovica.com\/de\/wp-json\/wp\/v2\/product_cat?post=13903"},{"taxonomy":"product_tag","embeddable":true,"href":"https:\/\/kuntnerforludovica.com\/de\/wp-json\/wp\/v2\/product_tag?post=13903"}],"curies":[{"name":"wp","href":"https:\/\/api.w.org\/{rel}","templated":true}]}}