{"id":13500,"date":"2026-02-03T11:37:15","date_gmt":"2026-02-03T11:37:15","guid":{"rendered":"https:\/\/kuntnerforludovica.com\/prodotto\/hogan-cool-sneaker-in-elfenbein-beige\/"},"modified":"2026-02-03T11:37:15","modified_gmt":"2026-02-03T11:37:15","slug":"hogan-cool-sneaker-in-elfenbein-beige","status":"publish","type":"product","link":"https:\/\/kuntnerforludovica.com\/de\/prodotto\/hogan-cool-sneaker-in-elfenbein-beige\/","title":{"rendered":"Hogan Cool Sneaker in Elfenbein Beige"},"content":{"rendered":"<p>Eine perfekte Mischung aus Retro-Elementen und zeitgen\u00f6ssischen Linien: Die Hogan Cool Sneaker zeichnen sich durch einen schlichten und raffinierten Look aus. Das Obermaterial mit gepolsterter Zunge ist aus weichem Nappaleder gefertigt und verf\u00fcgt \u00fcber ein schr\u00e4ges seitliches H aus Glattleder. Als Neuinterpretation des historischen Modells H327 greift die Sohle das schr\u00e4ge Monogramm im Profil auf. Die Memory-Foam-Innensohle sorgt f\u00fcr eine ged\u00e4mpfte Passform.<\/p>\n<p>Hogan Cool Herren-Sneaker<br \/>\nObermaterial aus Nappaleder<br \/>\nSeitliches H aus Glattleder<br \/>\n16 mm Memory-Foam-Innensohle<br \/>\nGummi-Cupsohle (TPU)<br \/>\nGesamth\u00f6he ca. 2,8 cm<\/p>\n<p>MOD. HXM6470FY80UAI419G<\/p>\n","protected":false},"excerpt":{"rendered":"<p>Eine perfekte Mischung aus Retro-Elementen und zeitgen\u00f6ssischen Linien: Die Hogan Cool Sneaker zeichnen sich durch einen schlichten und raffinierten Look aus. Das Obermaterial mit gepolsterter Zunge ist aus weichem Nappaleder&#8230;<\/p>\n","protected":false},"featured_media":13485,"template":"","meta":{"_acf_changed":false,"inline_featured_image":false},"product_brand":[202],"product_cat":[66,129,70],"product_tag":[183],"class_list":{"0":"post-13500","1":"product","2":"type-product","3":"status-publish","4":"has-post-thumbnail","6":"product_brand-hogan","7":"product_cat-herren","8":"product_cat-schuhe-herren","9":"product_cat-sneaker-herren","10":"product_tag-hogan","12":"first","13":"instock","14":"shipping-taxable","15":"purchasable","16":"product-type-variable"},"acf":[],"_links":{"self":[{"href":"https:\/\/kuntnerforludovica.com\/de\/wp-json\/wp\/v2\/product\/13500","targetHints":{"allow":["GET"]}}],"collection":[{"href":"https:\/\/kuntnerforludovica.com\/de\/wp-json\/wp\/v2\/product"}],"about":[{"href":"https:\/\/kuntnerforludovica.com\/de\/wp-json\/wp\/v2\/types\/product"}],"wp:featuredmedia":[{"embeddable":true,"href":"https:\/\/kuntnerforludovica.com\/de\/wp-json\/wp\/v2\/media\/13485"}],"wp:attachment":[{"href":"https:\/\/kuntnerforludovica.com\/de\/wp-json\/wp\/v2\/media?parent=13500"}],"wp:term":[{"taxonomy":"product_brand","embeddable":true,"href":"https:\/\/kuntnerforludovica.com\/de\/wp-json\/wp\/v2\/product_brand?post=13500"},{"taxonomy":"product_cat","embeddable":true,"href":"https:\/\/kuntnerforludovica.com\/de\/wp-json\/wp\/v2\/product_cat?post=13500"},{"taxonomy":"product_tag","embeddable":true,"href":"https:\/\/kuntnerforludovica.com\/de\/wp-json\/wp\/v2\/product_tag?post=13500"}],"curies":[{"name":"wp","href":"https:\/\/api.w.org\/{rel}","templated":true}]}}