{"id":13414,"date":"2026-02-03T10:45:32","date_gmt":"2026-02-03T10:45:32","guid":{"rendered":"https:\/\/kuntnerforludovica.com\/prodotto\/hogan-10-storey-schwarze-chelsea-ankle-boots\/"},"modified":"2026-02-03T10:45:32","modified_gmt":"2026-02-03T10:45:32","slug":"hogan-10-storey-schwarze-chelsea-ankle-boots","status":"publish","type":"product","link":"https:\/\/kuntnerforludovica.com\/de\/prodotto\/hogan-10-storey-schwarze-chelsea-ankle-boots\/","title":{"rendered":"Hogan 10-Storey Schwarze Chelsea Ankle Boots"},"content":{"rendered":"<p>Der Inbegriff zeitgen\u00f6ssischer urbaner \u00c4sthetik und Attit\u00fcde: Diese Chelsea Ankle Boots verf\u00fcgen \u00fcber eine neue extraleichte Sohle mit zwei Inseln im Workwear-inspirierten Design. Sie sind aus Leder gefertigt und zeichnen sich durch ein Obermaterial mit klarer Linienf\u00fchrung, elastische Seiteneins\u00e4tze und eine Zugschlaufe an der R\u00fcckseite aus. Abgerundet durch eine weiche Innensohle sind sie ein markantes Modell f\u00fcr deinen Everyday-Look.<\/p>\n<p>Obermaterial aus Leder<br \/>\nElastische Seiteneins\u00e4tze<br \/>\nWeiche 5-mm-Innensohle<br \/>\nEVA-Sohle<br \/>\nGesamth\u00f6he ca. 5,5 cm<\/p>\n<p>MOD. HXW6740FM006LOB999<\/p>\n","protected":false},"excerpt":{"rendered":"<p>Der Inbegriff zeitgen\u00f6ssischer urbaner \u00c4sthetik und Attit\u00fcde: Diese Chelsea Ankle Boots verf\u00fcgen \u00fcber eine neue extraleichte Sohle mit zwei Inseln im Workwear-inspirierten Design. Sie sind aus Leder gefertigt und zeichnen&#8230;<\/p>\n","protected":false},"featured_media":13407,"template":"","meta":{"_acf_changed":false,"inline_featured_image":false},"product_brand":[202],"product_cat":[53,60,62,189],"product_tag":[183,72],"class_list":{"0":"post-13414","1":"product","2":"type-product","3":"status-publish","4":"has-post-thumbnail","6":"product_brand-hogan","7":"product_cat-damen","8":"product_cat-sale-deu","9":"product_cat-sale-damen","10":"product_cat-schuhe-sale","11":"product_tag-hogan","12":"product_tag-schwarz","14":"first","15":"instock","16":"sale","17":"shipping-taxable","18":"purchasable","19":"product-type-variable"},"acf":[],"_links":{"self":[{"href":"https:\/\/kuntnerforludovica.com\/de\/wp-json\/wp\/v2\/product\/13414","targetHints":{"allow":["GET"]}}],"collection":[{"href":"https:\/\/kuntnerforludovica.com\/de\/wp-json\/wp\/v2\/product"}],"about":[{"href":"https:\/\/kuntnerforludovica.com\/de\/wp-json\/wp\/v2\/types\/product"}],"wp:featuredmedia":[{"embeddable":true,"href":"https:\/\/kuntnerforludovica.com\/de\/wp-json\/wp\/v2\/media\/13407"}],"wp:attachment":[{"href":"https:\/\/kuntnerforludovica.com\/de\/wp-json\/wp\/v2\/media?parent=13414"}],"wp:term":[{"taxonomy":"product_brand","embeddable":true,"href":"https:\/\/kuntnerforludovica.com\/de\/wp-json\/wp\/v2\/product_brand?post=13414"},{"taxonomy":"product_cat","embeddable":true,"href":"https:\/\/kuntnerforludovica.com\/de\/wp-json\/wp\/v2\/product_cat?post=13414"},{"taxonomy":"product_tag","embeddable":true,"href":"https:\/\/kuntnerforludovica.com\/de\/wp-json\/wp\/v2\/product_tag?post=13414"}],"curies":[{"name":"wp","href":"https:\/\/api.w.org\/{rel}","templated":true}]}}