{"id":13387,"date":"2026-02-03T10:36:28","date_gmt":"2026-02-03T10:36:28","guid":{"rendered":"https:\/\/kuntnerforludovica.com\/prodotto\/hogan-h700-schwarze-ankle-boots\/"},"modified":"2026-02-03T10:36:28","modified_gmt":"2026-02-03T10:36:28","slug":"hogan-h700-schwarze-ankle-boots","status":"publish","type":"product","link":"https:\/\/kuntnerforludovica.com\/de\/prodotto\/hogan-h700-schwarze-ankle-boots\/","title":{"rendered":"Hogan H700 Schwarze Ankle Boots"},"content":{"rendered":"<p>Das Modell Hogan H700 ist durch ein chunky Design gekennzeichnet, das das gro\u00dfe H-Monogramm in der ikonischen H-Stripes-Sohle vereint. Diese winterlichen Ankle Boots im alpinen Stil, gefertigt aus Leder mit einem Schaft aus Shearling und runden Schn\u00fcrsenkeln, sind zugleich warm und weich und verf\u00fcgen \u00fcber ein eingepr\u00e4gtes Hogan-Logo an der Ferse.<\/p>\n<p>Hogan H700 Damen Ankle Boots<br \/>\nHergestellt in Italien<br \/>\nObermaterial aus Leder und Shearling<br \/>\nRunde Schn\u00fcrsenkel<br \/>\nHogan-Logo an der Ferse eingepr\u00e4gt<br \/>\nShearling-Futter<br \/>\nGummisohle<br \/>\nGesamth\u00f6he ca. 7,6 cm<\/p>\n<p>MOD. HXW7000FV70UOHB999<\/p>\n","protected":false},"excerpt":{"rendered":"<p>Das Modell Hogan H700 ist durch ein chunky Design gekennzeichnet, das das gro\u00dfe H-Monogramm in der ikonischen H-Stripes-Sohle vereint. Diese winterlichen Ankle Boots im alpinen Stil, gefertigt aus Leder mit&#8230;<\/p>\n","protected":false},"featured_media":13380,"template":"","meta":{"_acf_changed":false,"inline_featured_image":false},"product_brand":[202],"product_cat":[53,60,62,189],"product_tag":[183,72],"class_list":{"0":"post-13387","1":"product","2":"type-product","3":"status-publish","4":"has-post-thumbnail","6":"product_brand-hogan","7":"product_cat-damen","8":"product_cat-sale-deu","9":"product_cat-sale-damen","10":"product_cat-schuhe-sale","11":"product_tag-hogan","12":"product_tag-schwarz","14":"first","15":"instock","16":"sale","17":"shipping-taxable","18":"purchasable","19":"product-type-variable"},"acf":[],"_links":{"self":[{"href":"https:\/\/kuntnerforludovica.com\/de\/wp-json\/wp\/v2\/product\/13387","targetHints":{"allow":["GET"]}}],"collection":[{"href":"https:\/\/kuntnerforludovica.com\/de\/wp-json\/wp\/v2\/product"}],"about":[{"href":"https:\/\/kuntnerforludovica.com\/de\/wp-json\/wp\/v2\/types\/product"}],"wp:featuredmedia":[{"embeddable":true,"href":"https:\/\/kuntnerforludovica.com\/de\/wp-json\/wp\/v2\/media\/13380"}],"wp:attachment":[{"href":"https:\/\/kuntnerforludovica.com\/de\/wp-json\/wp\/v2\/media?parent=13387"}],"wp:term":[{"taxonomy":"product_brand","embeddable":true,"href":"https:\/\/kuntnerforludovica.com\/de\/wp-json\/wp\/v2\/product_brand?post=13387"},{"taxonomy":"product_cat","embeddable":true,"href":"https:\/\/kuntnerforludovica.com\/de\/wp-json\/wp\/v2\/product_cat?post=13387"},{"taxonomy":"product_tag","embeddable":true,"href":"https:\/\/kuntnerforludovica.com\/de\/wp-json\/wp\/v2\/product_tag?post=13387"}],"curies":[{"name":"wp","href":"https:\/\/api.w.org\/{rel}","templated":true}]}}