{"id":13327,"date":"2026-02-03T10:16:57","date_gmt":"2026-02-03T10:16:57","guid":{"rendered":"https:\/\/kuntnerforludovica.com\/prodotto\/hogan-h700-braune-chelsea-boots\/"},"modified":"2026-02-03T10:16:57","modified_gmt":"2026-02-03T10:16:57","slug":"hogan-h700-braune-chelsea-boots","status":"publish","type":"product","link":"https:\/\/kuntnerforludovica.com\/de\/prodotto\/hogan-h700-braune-chelsea-boots\/","title":{"rendered":"Hogan H700 Braune Chelsea Boots"},"content":{"rendered":"<p>Das Modell Hogan H700 ist durch ein chunky Design gekennzeichnet, das das gro\u00dfe H-Monogramm in der ikonischen H-Stripes-Sohle vereint. Diese Chelsea Boots sind aus Nubukleder gefertigt und verf\u00fcgen \u00fcber H-N\u00e4hte auf der R\u00fcckseite. Ein Gegensatz aus abenteuerlicher Performance und urbanem Chic, mit einer komfortablen Memory-Foam-Innensohle.<\/p>\n<p>Hogan H700 Damen Chelsea Boots<br \/>\nHergestellt in Italien<br \/>\nObermaterial aus Nubukleder<br \/>\nElastische Seiteneins\u00e4tze<br \/>\nLederfutter<br \/>\n8 mm Memory-Foam-Innensohle<br \/>\nGummisohle<br \/>\nGesamth\u00f6he ca. 7,6 cm<\/p>\n<p>MOD. HXW7000FV306RNS600<\/p>\n","protected":false},"excerpt":{"rendered":"<p>Das Modell Hogan H700 ist durch ein chunky Design gekennzeichnet, das das gro\u00dfe H-Monogramm in der ikonischen H-Stripes-Sohle vereint. Diese Chelsea Boots sind aus Nubukleder gefertigt und verf\u00fcgen \u00fcber H-N\u00e4hte&#8230;<\/p>\n","protected":false},"featured_media":13341,"template":"","meta":{"_acf_changed":false,"inline_featured_image":false},"product_brand":[202],"product_cat":[53,60,62,189],"product_tag":[183],"class_list":{"0":"post-13327","1":"product","2":"type-product","3":"status-publish","4":"has-post-thumbnail","6":"product_brand-hogan","7":"product_cat-damen","8":"product_cat-sale-deu","9":"product_cat-sale-damen","10":"product_cat-schuhe-sale","11":"product_tag-hogan","13":"first","14":"instock","15":"sale","16":"shipping-taxable","17":"purchasable","18":"product-type-variable"},"acf":[],"_links":{"self":[{"href":"https:\/\/kuntnerforludovica.com\/de\/wp-json\/wp\/v2\/product\/13327","targetHints":{"allow":["GET"]}}],"collection":[{"href":"https:\/\/kuntnerforludovica.com\/de\/wp-json\/wp\/v2\/product"}],"about":[{"href":"https:\/\/kuntnerforludovica.com\/de\/wp-json\/wp\/v2\/types\/product"}],"wp:featuredmedia":[{"embeddable":true,"href":"https:\/\/kuntnerforludovica.com\/de\/wp-json\/wp\/v2\/media\/13341"}],"wp:attachment":[{"href":"https:\/\/kuntnerforludovica.com\/de\/wp-json\/wp\/v2\/media?parent=13327"}],"wp:term":[{"taxonomy":"product_brand","embeddable":true,"href":"https:\/\/kuntnerforludovica.com\/de\/wp-json\/wp\/v2\/product_brand?post=13327"},{"taxonomy":"product_cat","embeddable":true,"href":"https:\/\/kuntnerforludovica.com\/de\/wp-json\/wp\/v2\/product_cat?post=13327"},{"taxonomy":"product_tag","embeddable":true,"href":"https:\/\/kuntnerforludovica.com\/de\/wp-json\/wp\/v2\/product_tag?post=13327"}],"curies":[{"name":"wp","href":"https:\/\/api.w.org\/{rel}","templated":true}]}}