{"id":13214,"date":"2026-02-02T16:50:04","date_gmt":"2026-02-02T16:50:04","guid":{"rendered":"https:\/\/kuntnerforludovica.com\/prodotto\/hogan-h695-braune-stiefeletten\/"},"modified":"2026-02-02T16:50:04","modified_gmt":"2026-02-02T16:50:04","slug":"hogan-h695-braune-stiefeletten","status":"publish","type":"product","link":"https:\/\/kuntnerforludovica.com\/de\/prodotto\/hogan-h695-braune-stiefeletten\/","title":{"rendered":"Hogan H695 Braune Stiefeletten"},"content":{"rendered":"<p>Mit einer eleganten und schlanken Silhouette verf\u00fcgen die Hogan H695 Stiefeletten \u00fcber einen komfortablen Blockabsatz und eine ged\u00e4mpfte Sohle. Sie zeigen das Hogan-Logo auf der R\u00fcckseite gepr\u00e4gt und sind mit einem seitlichen Rei\u00dfverschluss sowie einer weichen 5 mm Memory-Foam-Innensohle ausgestattet.<\/p>\n<p>Hogan H695 Damenstiefeletten<br \/>\nMade in Italy<br \/>\nObermaterial aus Veloursleder<br \/>\nSeitlicher Rei\u00dfverschluss<br \/>\nHogan-Logo auf der R\u00fcckseite gepr\u00e4gt<br \/>\n5 mm Memory-Foam-Innensohle<br \/>\nGummisohle<br \/>\nGesamth\u00f6he: 9 cm<\/p>\n<p>Modell: HXW6950FW20BYES808<\/p>\n","protected":false},"excerpt":{"rendered":"<p>Mit einer eleganten und schlanken Silhouette verf\u00fcgen die Hogan H695 Stiefeletten \u00fcber einen komfortablen Blockabsatz und eine ged\u00e4mpfte Sohle. Sie zeigen das Hogan-Logo auf der R\u00fcckseite gepr\u00e4gt und sind mit&#8230;<\/p>\n","protected":false},"featured_media":13208,"template":"","meta":{"_acf_changed":false,"inline_featured_image":false},"product_brand":[202],"product_cat":[53,60,62,189],"product_tag":[183],"class_list":{"0":"post-13214","1":"product","2":"type-product","3":"status-publish","4":"has-post-thumbnail","6":"product_brand-hogan","7":"product_cat-damen","8":"product_cat-sale-deu","9":"product_cat-sale-damen","10":"product_cat-schuhe-sale","11":"product_tag-hogan","13":"first","14":"instock","15":"sale","16":"shipping-taxable","17":"purchasable","18":"product-type-variable"},"acf":[],"_links":{"self":[{"href":"https:\/\/kuntnerforludovica.com\/de\/wp-json\/wp\/v2\/product\/13214","targetHints":{"allow":["GET"]}}],"collection":[{"href":"https:\/\/kuntnerforludovica.com\/de\/wp-json\/wp\/v2\/product"}],"about":[{"href":"https:\/\/kuntnerforludovica.com\/de\/wp-json\/wp\/v2\/types\/product"}],"wp:featuredmedia":[{"embeddable":true,"href":"https:\/\/kuntnerforludovica.com\/de\/wp-json\/wp\/v2\/media\/13208"}],"wp:attachment":[{"href":"https:\/\/kuntnerforludovica.com\/de\/wp-json\/wp\/v2\/media?parent=13214"}],"wp:term":[{"taxonomy":"product_brand","embeddable":true,"href":"https:\/\/kuntnerforludovica.com\/de\/wp-json\/wp\/v2\/product_brand?post=13214"},{"taxonomy":"product_cat","embeddable":true,"href":"https:\/\/kuntnerforludovica.com\/de\/wp-json\/wp\/v2\/product_cat?post=13214"},{"taxonomy":"product_tag","embeddable":true,"href":"https:\/\/kuntnerforludovica.com\/de\/wp-json\/wp\/v2\/product_tag?post=13214"}],"curies":[{"name":"wp","href":"https:\/\/api.w.org\/{rel}","templated":true}]}}