{"id":13135,"date":"2026-02-02T16:10:00","date_gmt":"2026-02-02T16:10:00","guid":{"rendered":"https:\/\/kuntnerforludovica.com\/prodotto\/hogan-h-stripes-schwarze-sneaker\/"},"modified":"2026-02-02T16:10:00","modified_gmt":"2026-02-02T16:10:00","slug":"hogan-h-stripes-schwarze-sneaker","status":"publish","type":"product","link":"https:\/\/kuntnerforludovica.com\/de\/prodotto\/hogan-h-stripes-schwarze-sneaker\/","title":{"rendered":"Hogan H-Stripes Schwarze Sneaker"},"content":{"rendered":"<p>Dieses neue sportliche und vielseitige Modell, der H-Stripes Sneaker, verf\u00fcgt \u00fcber eine extraleichte Sohle mit vertikalen Linien und Wellenprofil. Das kompakte und ausgewogene Obermaterial zeichnet sich durch ein seitliches H-Logo aus. Der gepolsterte Schaft mit gesteppter Ferse sorgt f\u00fcr Komfort. Hergestellt aus Nappaleder, bieten diese Sneaker eine 8 mm Memory-Foam-Innensohle f\u00fcr ged\u00e4mpften Tragekomfort.<\/p>\n<p>Hogan H-Stripes Damensneaker<br \/>\nMade in Italy<br \/>\nObermaterial aus Nappaleder<br \/>\nSeitliches H-Logo<br \/>\n8 mm Memory-Foam-Innensohle<br \/>\nEVA-Sohle<br \/>\nGesamth\u00f6he: 5,8 cm<\/p>\n<p>Modell: HXW6450FC60LE99999<\/p>\n","protected":false},"excerpt":{"rendered":"<p>Dieses neue sportliche und vielseitige Modell, der H-Stripes Sneaker, verf\u00fcgt \u00fcber eine extraleichte Sohle mit vertikalen Linien und Wellenprofil. Das kompakte und ausgewogene Obermaterial zeichnet sich durch ein seitliches H-Logo&#8230;<\/p>\n","protected":false},"featured_media":13128,"template":"","meta":{"_acf_changed":false,"inline_featured_image":false},"product_brand":[],"product_cat":[53,60,62,189],"product_tag":[183,72],"class_list":{"0":"post-13135","1":"product","2":"type-product","3":"status-publish","4":"has-post-thumbnail","6":"product_cat-damen","7":"product_cat-sale-deu","8":"product_cat-sale-damen","9":"product_cat-schuhe-sale","10":"product_tag-hogan","11":"product_tag-schwarz","13":"first","14":"instock","15":"sale","16":"shipping-taxable","17":"purchasable","18":"product-type-variable"},"acf":[],"_links":{"self":[{"href":"https:\/\/kuntnerforludovica.com\/de\/wp-json\/wp\/v2\/product\/13135","targetHints":{"allow":["GET"]}}],"collection":[{"href":"https:\/\/kuntnerforludovica.com\/de\/wp-json\/wp\/v2\/product"}],"about":[{"href":"https:\/\/kuntnerforludovica.com\/de\/wp-json\/wp\/v2\/types\/product"}],"wp:featuredmedia":[{"embeddable":true,"href":"https:\/\/kuntnerforludovica.com\/de\/wp-json\/wp\/v2\/media\/13128"}],"wp:attachment":[{"href":"https:\/\/kuntnerforludovica.com\/de\/wp-json\/wp\/v2\/media?parent=13135"}],"wp:term":[{"taxonomy":"product_brand","embeddable":true,"href":"https:\/\/kuntnerforludovica.com\/de\/wp-json\/wp\/v2\/product_brand?post=13135"},{"taxonomy":"product_cat","embeddable":true,"href":"https:\/\/kuntnerforludovica.com\/de\/wp-json\/wp\/v2\/product_cat?post=13135"},{"taxonomy":"product_tag","embeddable":true,"href":"https:\/\/kuntnerforludovica.com\/de\/wp-json\/wp\/v2\/product_tag?post=13135"}],"curies":[{"name":"wp","href":"https:\/\/api.w.org\/{rel}","templated":true}]}}