{"id":13036,"date":"2026-02-02T15:22:28","date_gmt":"2026-02-02T15:22:28","guid":{"rendered":"https:\/\/kuntnerforludovica.com\/prodotto\/hogan-h-stripes-weiss-grau-braun-sneaker\/"},"modified":"2026-02-02T15:22:28","modified_gmt":"2026-02-02T15:22:28","slug":"hogan-h-stripes-weiss-grau-braun-sneaker","status":"publish","type":"product","link":"https:\/\/kuntnerforludovica.com\/de\/prodotto\/hogan-h-stripes-weiss-grau-braun-sneaker\/","title":{"rendered":"Hogan H-Stripes Wei\u00df Grau Braun Sneaker"},"content":{"rendered":"<p>Hogan H-Stripes Wei\u00df Grau Braun Sneaker<\/p>\n<p>Mit sportlichen und vielseitigen Linien verf\u00fcgen die H-Stripes Sneaker \u00fcber eine extraleichte Sohle mit vertikalen Linien. Das kompakte und ausgewogene Obermaterial zeichnet sich durch ein seitliches H-Logo aus. Der gepolsterte Schaft mit gesteppter Ferse sorgt f\u00fcr zus\u00e4tzlichen Komfort. Diese Version besteht aus Nappaleder mit H-Logo aus Veloursleder und glatten Lederakzenten. Die 8 mm Memory-Foam-Innensohle bietet ged\u00e4mpften Tragekomfort.<\/p>\n<p>Hogan H-Stripes Damensneaker<br \/>\nMade in Italy<br \/>\nObermaterial aus Nappaleder<br \/>\nSeitliches H-Logo aus Veloursleder<br \/>\nGlatte Lederdetails<br \/>\n8 mm Memory-Foam-Innensohle<br \/>\nEVA-Sohle<br \/>\nGesamth\u00f6he: 5,8 cm<\/p>\n<p>Modell: HXW6450FE91UIT0BAZ<\/p>\n","protected":false},"excerpt":{"rendered":"<p>Hogan H-Stripes Wei\u00df Grau Braun Sneaker Mit sportlichen und vielseitigen Linien verf\u00fcgen die H-Stripes Sneaker \u00fcber eine extraleichte Sohle mit vertikalen Linien. Das kompakte und ausgewogene Obermaterial zeichnet sich durch&#8230;<\/p>\n","protected":false},"featured_media":13026,"template":"","meta":{"_acf_changed":false,"inline_featured_image":false},"product_brand":[],"product_cat":[53,60,62,189],"product_tag":[183],"class_list":{"0":"post-13036","1":"product","2":"type-product","3":"status-publish","4":"has-post-thumbnail","6":"product_cat-damen","7":"product_cat-sale-deu","8":"product_cat-sale-damen","9":"product_cat-schuhe-sale","10":"product_tag-hogan","12":"first","13":"instock","14":"sale","15":"shipping-taxable","16":"purchasable","17":"product-type-variable"},"acf":[],"_links":{"self":[{"href":"https:\/\/kuntnerforludovica.com\/de\/wp-json\/wp\/v2\/product\/13036","targetHints":{"allow":["GET"]}}],"collection":[{"href":"https:\/\/kuntnerforludovica.com\/de\/wp-json\/wp\/v2\/product"}],"about":[{"href":"https:\/\/kuntnerforludovica.com\/de\/wp-json\/wp\/v2\/types\/product"}],"wp:featuredmedia":[{"embeddable":true,"href":"https:\/\/kuntnerforludovica.com\/de\/wp-json\/wp\/v2\/media\/13026"}],"wp:attachment":[{"href":"https:\/\/kuntnerforludovica.com\/de\/wp-json\/wp\/v2\/media?parent=13036"}],"wp:term":[{"taxonomy":"product_brand","embeddable":true,"href":"https:\/\/kuntnerforludovica.com\/de\/wp-json\/wp\/v2\/product_brand?post=13036"},{"taxonomy":"product_cat","embeddable":true,"href":"https:\/\/kuntnerforludovica.com\/de\/wp-json\/wp\/v2\/product_cat?post=13036"},{"taxonomy":"product_tag","embeddable":true,"href":"https:\/\/kuntnerforludovica.com\/de\/wp-json\/wp\/v2\/product_tag?post=13036"}],"curies":[{"name":"wp","href":"https:\/\/api.w.org\/{rel}","templated":true}]}}